{"id":986,"date":"2025-06-02T09:08:06","date_gmt":"2025-06-02T09:08:06","guid":{"rendered":"https:\/\/visoki-jablani.org\/hr\/?page_id=986"},"modified":"2025-08-20T13:13:43","modified_gmt":"2025-08-20T13:13:43","slug":"brand-new-adriatic-partnerstvo-regija-iz-hrvatske-i-italije","status":"publish","type":"page","link":"https:\/\/visoki-jablani.org\/hr\/projekti\/brand-new-adriatic-partnerstvo-regija-iz-hrvatske-i-italije\/","title":{"rendered":"Brand New Adriatic &#8211; partnerstvo regija iz Hrvatske i Italije"},"content":{"rendered":"\n<p>Projekt Brand New Adriatic, vrijedan 248.236,00 eura, provodi se u partnerskim regijama Hrvatske i Italije \u2013 Istarskoj i Primorsko-goranskoj \u017eupaniji te regijama Molise i Abruzzo. Cilj mu je ja\u010danje kapaciteta jedinica lokalne samouprave, javnih ustanova, udruga i poduze\u0107a u prekograni\u010dnoj suradnji, s posebnim naglaskom na ruralna podru\u010dja i manje op\u0107ine. Tijekom projekta organizirane su edukacije i aktivnosti umre\u017eavanja kako bi se uklju\u010deni bolje nosili s administrativnim i informati\u010dkim izazovima te pove\u0107ale prilike za sudjelovanje navedenih dionika u europskim prekograni\u010dnim projektima.<\/p>\n\n\n\n<figure class=\"wp-block-gallery aligncenter has-nested-images columns-2 is-cropped wp-block-gallery-2 is-layout-flex wp-block-gallery-is-layout-flex\">\n<figure data-wp-context=\"{&quot;imageId&quot;:&quot;6a0452cbf0010&quot;}\" data-wp-interactive=\"core\/image\" data-wp-key=\"6a0452cbf0010\" class=\"wp-block-image size-full has-custom-border is-style-default wp-lightbox-container\"><img loading=\"lazy\" decoding=\"async\" width=\"2048\" height=\"1130\" data-wp-class--hide=\"state.isContentHidden\" data-wp-class--show=\"state.isContentVisible\" data-wp-init=\"callbacks.setButtonStyles\" data-wp-on--click=\"actions.showLightbox\" data-wp-on--load=\"callbacks.setButtonStyles\" data-wp-on-window--resize=\"callbacks.setButtonStyles\" data-id=\"1378\" src=\"https:\/\/visoki-jablani.org\/hr\/wp-content\/uploads\/2025\/07\/BrandNewAdr5-1.jpg\" alt=\"\" class=\"wp-image-1378\" style=\"border-radius:5px\" srcset=\"https:\/\/visoki-jablani.org\/hr\/wp-content\/uploads\/2025\/07\/BrandNewAdr5-1.jpg 2048w, https:\/\/visoki-jablani.org\/hr\/wp-content\/uploads\/2025\/07\/BrandNewAdr5-1-300x166.jpg 300w, https:\/\/visoki-jablani.org\/hr\/wp-content\/uploads\/2025\/07\/BrandNewAdr5-1-1024x565.jpg 1024w, https:\/\/visoki-jablani.org\/hr\/wp-content\/uploads\/2025\/07\/BrandNewAdr5-1-150x83.jpg 150w, https:\/\/visoki-jablani.org\/hr\/wp-content\/uploads\/2025\/07\/BrandNewAdr5-1-768x424.jpg 768w, https:\/\/visoki-jablani.org\/hr\/wp-content\/uploads\/2025\/07\/BrandNewAdr5-1-1536x848.jpg 1536w\" sizes=\"auto, (max-width: 2048px) 100vw, 2048px\" \/><button\n\t\t\tclass=\"lightbox-trigger\"\n\t\t\ttype=\"button\"\n\t\t\taria-haspopup=\"dialog\"\n\t\t\taria-label=\"Enlarge\"\n\t\t\tdata-wp-init=\"callbacks.initTriggerButton\"\n\t\t\tdata-wp-on--click=\"actions.showLightbox\"\n\t\t\tdata-wp-style--right=\"state.imageButtonRight\"\n\t\t\tdata-wp-style--top=\"state.imageButtonTop\"\n\t\t>\n\t\t\t<svg xmlns=\"http:\/\/www.w3.org\/2000\/svg\" width=\"12\" height=\"12\" fill=\"none\" viewBox=\"0 0 12 12\">\n\t\t\t\t<path fill=\"#fff\" d=\"M2 0a2 2 0 0 0-2 2v2h1.5V2a.5.5 0 0 1 .5-.5h2V0H2Zm2 10.5H2a.5.5 0 0 1-.5-.5V8H0v2a2 2 0 0 0 2 2h2v-1.5ZM8 12v-1.5h2a.5.5 0 0 0 .5-.5V8H12v2a2 2 0 0 1-2 2H8Zm2-12a2 2 0 0 1 2 2v2h-1.5V2a.5.5 0 0 0-.5-.5H8V0h2Z\" \/>\n\t\t\t<\/svg>\n\t\t<\/button><\/figure>\n\n\n\n<figure data-wp-context=\"{&quot;imageId&quot;:&quot;6a0452cbf0828&quot;}\" data-wp-interactive=\"core\/image\" data-wp-key=\"6a0452cbf0828\" class=\"wp-block-image size-full has-custom-border is-style-rounded is-style-rounded--1 wp-lightbox-container\"><img loading=\"lazy\" decoding=\"async\" width=\"1024\" height=\"597\" data-wp-class--hide=\"state.isContentHidden\" data-wp-class--show=\"state.isContentVisible\" data-wp-init=\"callbacks.setButtonStyles\" data-wp-on--click=\"actions.showLightbox\" data-wp-on--load=\"callbacks.setButtonStyles\" data-wp-on-window--resize=\"callbacks.setButtonStyles\" data-id=\"1379\" src=\"https:\/\/visoki-jablani.org\/hr\/wp-content\/uploads\/2025\/07\/BrandNewAdr6-1.jpg\" alt=\"\" class=\"wp-image-1379\" style=\"border-radius:5px\" srcset=\"https:\/\/visoki-jablani.org\/hr\/wp-content\/uploads\/2025\/07\/BrandNewAdr6-1.jpg 1024w, https:\/\/visoki-jablani.org\/hr\/wp-content\/uploads\/2025\/07\/BrandNewAdr6-1-300x175.jpg 300w, https:\/\/visoki-jablani.org\/hr\/wp-content\/uploads\/2025\/07\/BrandNewAdr6-1-150x87.jpg 150w, https:\/\/visoki-jablani.org\/hr\/wp-content\/uploads\/2025\/07\/BrandNewAdr6-1-768x448.jpg 768w\" sizes=\"auto, (max-width: 1024px) 100vw, 1024px\" \/><button\n\t\t\tclass=\"lightbox-trigger\"\n\t\t\ttype=\"button\"\n\t\t\taria-haspopup=\"dialog\"\n\t\t\taria-label=\"Enlarge\"\n\t\t\tdata-wp-init=\"callbacks.initTriggerButton\"\n\t\t\tdata-wp-on--click=\"actions.showLightbox\"\n\t\t\tdata-wp-style--right=\"state.imageButtonRight\"\n\t\t\tdata-wp-style--top=\"state.imageButtonTop\"\n\t\t>\n\t\t\t<svg xmlns=\"http:\/\/www.w3.org\/2000\/svg\" width=\"12\" height=\"12\" fill=\"none\" viewBox=\"0 0 12 12\">\n\t\t\t\t<path fill=\"#fff\" d=\"M2 0a2 2 0 0 0-2 2v2h1.5V2a.5.5 0 0 1 .5-.5h2V0H2Zm2 10.5H2a.5.5 0 0 1-.5-.5V8H0v2a2 2 0 0 0 2 2h2v-1.5ZM8 12v-1.5h2a.5.5 0 0 0 .5-.5V8H12v2a2 2 0 0 1-2 2H8Zm2-12a2 2 0 0 1 2 2v2h-1.5V2a.5.5 0 0 0-.5-.5H8V0h2Z\" \/>\n\t\t\t<\/svg>\n\t\t<\/button><\/figure>\n<\/figure>\n\n\n\n<p><br>Projekt provode Udruga VISOKI JABLANI iz Rijeke i EU Centar Adriatic iz Pore\u010da, zajedno s talijanskim partnerima TREND consulenza e formazione iz Campobassa i Op\u0107inom Spoltore, a sufinanciraju Europska unija kroz Program Interreg Italija-Hrvatska te Ured Vlade Republike Hrvatske za udruge.<\/p>\n\n\n\n<p>Ova dugoro\u010dna platforma za suradnju bit \u0107e klju\u010dna podr\u0161ka partnerskim lokalnim zajednicama i organizacijama u Italiji i Hrvatskoj, omogu\u0107uju\u0107i im lak\u0161i pristup resursima, znanju i partnerstvima potrebnima za sudjelovanje u europskim projektima, stvaraju\u0107i temelje za odr\u017eivu suradnju i razvoj.<\/p>\n\n\n\n<figure class=\"wp-block-gallery aligncenter has-nested-images columns-2 is-cropped wp-block-gallery-4 is-layout-flex wp-block-gallery-is-layout-flex\">\n<figure data-wp-context=\"{&quot;imageId&quot;:&quot;6a0452cbf0c4b&quot;}\" data-wp-interactive=\"core\/image\" data-wp-key=\"6a0452cbf0c4b\" class=\"wp-block-image size-full has-custom-border is-style-default wp-lightbox-container\"><img loading=\"lazy\" decoding=\"async\" width=\"1536\" height=\"941\" data-wp-class--hide=\"state.isContentHidden\" data-wp-class--show=\"state.isContentVisible\" data-wp-init=\"callbacks.setButtonStyles\" data-wp-on--click=\"actions.showLightbox\" data-wp-on--load=\"callbacks.setButtonStyles\" data-wp-on-window--resize=\"callbacks.setButtonStyles\" data-id=\"1382\" src=\"https:\/\/visoki-jablani.org\/hr\/wp-content\/uploads\/2025\/07\/BrandNewAdr3-1.jpg\" alt=\"\" class=\"wp-image-1382\" style=\"border-radius:5px\" srcset=\"https:\/\/visoki-jablani.org\/hr\/wp-content\/uploads\/2025\/07\/BrandNewAdr3-1.jpg 1536w, https:\/\/visoki-jablani.org\/hr\/wp-content\/uploads\/2025\/07\/BrandNewAdr3-1-300x184.jpg 300w, https:\/\/visoki-jablani.org\/hr\/wp-content\/uploads\/2025\/07\/BrandNewAdr3-1-1024x627.jpg 1024w, https:\/\/visoki-jablani.org\/hr\/wp-content\/uploads\/2025\/07\/BrandNewAdr3-1-150x92.jpg 150w, https:\/\/visoki-jablani.org\/hr\/wp-content\/uploads\/2025\/07\/BrandNewAdr3-1-768x471.jpg 768w\" sizes=\"auto, (max-width: 1536px) 100vw, 1536px\" \/><button\n\t\t\tclass=\"lightbox-trigger\"\n\t\t\ttype=\"button\"\n\t\t\taria-haspopup=\"dialog\"\n\t\t\taria-label=\"Enlarge\"\n\t\t\tdata-wp-init=\"callbacks.initTriggerButton\"\n\t\t\tdata-wp-on--click=\"actions.showLightbox\"\n\t\t\tdata-wp-style--right=\"state.imageButtonRight\"\n\t\t\tdata-wp-style--top=\"state.imageButtonTop\"\n\t\t>\n\t\t\t<svg xmlns=\"http:\/\/www.w3.org\/2000\/svg\" width=\"12\" height=\"12\" fill=\"none\" viewBox=\"0 0 12 12\">\n\t\t\t\t<path fill=\"#fff\" d=\"M2 0a2 2 0 0 0-2 2v2h1.5V2a.5.5 0 0 1 .5-.5h2V0H2Zm2 10.5H2a.5.5 0 0 1-.5-.5V8H0v2a2 2 0 0 0 2 2h2v-1.5ZM8 12v-1.5h2a.5.5 0 0 0 .5-.5V8H12v2a2 2 0 0 1-2 2H8Zm2-12a2 2 0 0 1 2 2v2h-1.5V2a.5.5 0 0 0-.5-.5H8V0h2Z\" \/>\n\t\t\t<\/svg>\n\t\t<\/button><\/figure>\n\n\n\n<figure data-wp-context=\"{&quot;imageId&quot;:&quot;6a0452cbf0ff4&quot;}\" data-wp-interactive=\"core\/image\" data-wp-key=\"6a0452cbf0ff4\" class=\"wp-block-image size-large has-custom-border is-style-rounded is-style-rounded--3 wp-lightbox-container\"><img loading=\"lazy\" decoding=\"async\" width=\"1024\" height=\"768\" data-wp-class--hide=\"state.isContentHidden\" data-wp-class--show=\"state.isContentVisible\" data-wp-init=\"callbacks.setButtonStyles\" data-wp-on--click=\"actions.showLightbox\" data-wp-on--load=\"callbacks.setButtonStyles\" data-wp-on-window--resize=\"callbacks.setButtonStyles\" data-id=\"1383\" src=\"https:\/\/visoki-jablani.org\/hr\/wp-content\/uploads\/2025\/07\/BNA-Rojc-1-1024x768.jpg\" alt=\"\" class=\"wp-image-1383\" style=\"border-radius:5px\" srcset=\"https:\/\/visoki-jablani.org\/hr\/wp-content\/uploads\/2025\/07\/BNA-Rojc-1-1024x768.jpg 1024w, https:\/\/visoki-jablani.org\/hr\/wp-content\/uploads\/2025\/07\/BNA-Rojc-1-300x225.jpg 300w, https:\/\/visoki-jablani.org\/hr\/wp-content\/uploads\/2025\/07\/BNA-Rojc-1-150x113.jpg 150w, https:\/\/visoki-jablani.org\/hr\/wp-content\/uploads\/2025\/07\/BNA-Rojc-1-768x576.jpg 768w, https:\/\/visoki-jablani.org\/hr\/wp-content\/uploads\/2025\/07\/BNA-Rojc-1-1536x1152.jpg 1536w, https:\/\/visoki-jablani.org\/hr\/wp-content\/uploads\/2025\/07\/BNA-Rojc-1.jpg 2048w\" sizes=\"auto, (max-width: 1024px) 100vw, 1024px\" \/><button\n\t\t\tclass=\"lightbox-trigger\"\n\t\t\ttype=\"button\"\n\t\t\taria-haspopup=\"dialog\"\n\t\t\taria-label=\"Enlarge\"\n\t\t\tdata-wp-init=\"callbacks.initTriggerButton\"\n\t\t\tdata-wp-on--click=\"actions.showLightbox\"\n\t\t\tdata-wp-style--right=\"state.imageButtonRight\"\n\t\t\tdata-wp-style--top=\"state.imageButtonTop\"\n\t\t>\n\t\t\t<svg xmlns=\"http:\/\/www.w3.org\/2000\/svg\" width=\"12\" height=\"12\" fill=\"none\" viewBox=\"0 0 12 12\">\n\t\t\t\t<path fill=\"#fff\" d=\"M2 0a2 2 0 0 0-2 2v2h1.5V2a.5.5 0 0 1 .5-.5h2V0H2Zm2 10.5H2a.5.5 0 0 1-.5-.5V8H0v2a2 2 0 0 0 2 2h2v-1.5ZM8 12v-1.5h2a.5.5 0 0 0 .5-.5V8H12v2a2 2 0 0 1-2 2H8Zm2-12a2 2 0 0 1 2 2v2h-1.5V2a.5.5 0 0 0-.5-.5H8V0h2Z\" \/>\n\t\t\t<\/svg>\n\t\t<\/button><\/figure>\n<\/figure>\n\n\n\n<p>U projektu su sudjelovali predstavnici Grada Pule, Grada Rovinja, Grada Krka, Op\u0107ine Vrsar, Op\u0107ine Sv. Petar u \u0160umi, Op\u0107ine Kr\u0161an, Op\u0107ine Omi\u0161alj, kao i predstavnici civilnog dru\u0161tva te malih i srednjih poduzetnika Istre i Primorsko-goranske \u017eupanije.<\/p>\n\n\n\n<p>Odr\u017eane su konferencije koje su priu\u017eile priliku za upoznavanje s postignu\u0107ima projekta, razmjenu iskustva partnera iz Italije i Hrvatske te dobivanje uvida u daljnje mogu\u0107nosti prekograni\u010dne suradnje unutar programa Interreg Italija-Hrvatska.<\/p>\n\n\n\n<p>Uprili\u010dena je dodjela certifikata polaznicima edukacija, \u010dime se odaje priznanje za njihovu posve\u0107enost i uspje\u0161no unaprje\u0111enje vje\u0161tina iz podru\u010dja europskog projektiranja, upravljanja projektima i umre\u017eavanja.<\/p>\n\n\n\n<p>Predstavljeni su Akcijski plan i Memorandum o razumijevanju kojim se formalizirala uspostava BNA dru\u0161tvenog klastera za razvoj prekograni\u010dnih projekata.<\/p>\n\n\n\n<p>Projekt BNA pokazuje kako, uz pravi pristup i edukaciju, manji gradovi i ruralne zajednice mogu postati va\u017eni igra\u010di u europskoj pri\u010di.<\/p>\n","protected":false},"excerpt":{"rendered":"<p>Projekt Brand New Adriatic, vrijedan 248.236,00 eura, provodi se u partnerskim regijama Hrvatske i Italije \u2013 Istarskoj i Primorsko-goranskoj \u017eupaniji te regijama Molise i Abruzzo. Cilj mu je ja\u010danje kapaciteta jedinica lokalne samouprave, javnih ustanova, udruga i poduze\u0107a u prekograni\u010dnoj suradnji, s posebnim naglaskom na ruralna podru\u010dja i manje op\u0107ine. Tijekom projekta organizirane su edukacije [&hellip;]<\/p>\n","protected":false},"author":1,"featured_media":987,"parent":231,"menu_order":0,"comment_status":"closed","ping_status":"closed","template":"","meta":{"footnotes":""},"class_list":["post-986","page","type-page","status-publish","has-post-thumbnail","hentry"],"_links":{"self":[{"href":"https:\/\/visoki-jablani.org\/hr\/wp-json\/wp\/v2\/pages\/986","targetHints":{"allow":["GET"]}}],"collection":[{"href":"https:\/\/visoki-jablani.org\/hr\/wp-json\/wp\/v2\/pages"}],"about":[{"href":"https:\/\/visoki-jablani.org\/hr\/wp-json\/wp\/v2\/types\/page"}],"author":[{"embeddable":true,"href":"https:\/\/visoki-jablani.org\/hr\/wp-json\/wp\/v2\/users\/1"}],"replies":[{"embeddable":true,"href":"https:\/\/visoki-jablani.org\/hr\/wp-json\/wp\/v2\/comments?post=986"}],"version-history":[{"count":10,"href":"https:\/\/visoki-jablani.org\/hr\/wp-json\/wp\/v2\/pages\/986\/revisions"}],"predecessor-version":[{"id":1471,"href":"https:\/\/visoki-jablani.org\/hr\/wp-json\/wp\/v2\/pages\/986\/revisions\/1471"}],"up":[{"embeddable":true,"href":"https:\/\/visoki-jablani.org\/hr\/wp-json\/wp\/v2\/pages\/231"}],"wp:featuredmedia":[{"embeddable":true,"href":"https:\/\/visoki-jablani.org\/hr\/wp-json\/wp\/v2\/media\/987"}],"wp:attachment":[{"href":"https:\/\/visoki-jablani.org\/hr\/wp-json\/wp\/v2\/media?parent=986"}],"curies":[{"name":"wp","href":"https:\/\/api.w.org\/{rel}","templated":true}]}}