{"id":768,"date":"2025-05-18T20:02:58","date_gmt":"2025-05-18T20:02:58","guid":{"rendered":"https:\/\/visoki-jablani.org\/hr\/?page_id=768"},"modified":"2026-03-19T17:54:06","modified_gmt":"2026-03-19T17:54:06","slug":"dokumenti","status":"publish","type":"page","link":"https:\/\/visoki-jablani.org\/hr\/dokumenti\/","title":{"rendered":"Dokumenti"},"content":{"rendered":"\n<p><a href=\"https:\/\/visoki-jablani.org\/images\/files\/2023\/Izvorni_dokument_2015-09-16 (1)-STATUT.pdf\" target=\"_blank\" rel=\"noreferrer noopener\">STATUT VISOKI JABLANI<\/a><\/p>\n\n\n\n<p><a href=\"https:\/\/visoki-jablani.org\/images\/files\/2023\/Izmjene_i_dopune_2023-01-26 (1)-STATUT.pdf\" target=\"_blank\" rel=\"noreferrer noopener\">IZMJENE I DOPUNE STATUTA 1\/2023.<\/a><\/p>\n\n\n\n<p><a href=\"https:\/\/visoki-jablani.org\/images\/files\/2023\/Izmjene i dopune_2023-06-15 (1)-STATUT.pdf\" target=\"_blank\" rel=\"noreferrer noopener\">IZMJENE I DOPUNE STATUTA 6\/2023.<\/a><\/p>\n\n\n\n<p><a href=\"https:\/\/visoki-jablani.org\/images\/files\/2023\/230125_Pravilnik-o-radu-VISOKI-JABLANI.pdf\" target=\"_blank\" rel=\"noreferrer noopener\">PRAVILNIK O RADU<\/a><\/p>\n\n\n\n<p><a href=\"https:\/\/visoki-jablani.org\/hr\/wp-content\/uploads\/2026\/03\/220202_Eticki-kodeks_VJ.pdf\" target=\"_blank\" rel=\"noreferrer noopener\">ETI\u010cKI KODEKS<\/a><\/p>\n\n\n\n<p><a href=\"https:\/\/visoki-jablani.org\/hr\/wp-content\/uploads\/2026\/03\/21.-250830-Protokol-o-sigurnosti-djece.pdf\" data-type=\"link\" data-id=\"https:\/\/visoki-jablani.org\/hr\/wp-content\/uploads\/2026\/03\/21.-250830-Protokol-o-sigurnosti-djece.pdf\" target=\"_blank\" rel=\"noreferrer noopener\">PROTOKOL O SIGURNOSTI DJECE<\/a><\/p>\n\n\n\n<p><a href=\"https:\/\/visoki-jablani.org\/hr\/wp-content\/uploads\/2026\/03\/200815_Pravilnik-o-radu-s-volonterima_VJ.pdf\" data-type=\"link\" data-id=\"https:\/\/visoki-jablani.org\/hr\/wp-content\/uploads\/2026\/03\/200815_Pravilnik-o-radu-s-volonterima_VJ.pdf\" target=\"_blank\" rel=\"noreferrer noopener\">PRAVILNIK O RADU S VOLONTERIMA<\/a><\/p>\n\n\n\n<p><a href=\"https:\/\/visoki-jablani.org\/hr\/wp-content\/uploads\/2026\/03\/200815_Pravilnik-o-zastiti-osobnih-podataka_VJ.pdf\" data-type=\"link\" data-id=\"https:\/\/visoki-jablani.org\/hr\/wp-content\/uploads\/2026\/03\/200815_Pravilnik-o-zastiti-osobnih-podataka_VJ.pdf\" target=\"_blank\" rel=\"noreferrer noopener\">PRAVILNIK O ZA\u0160TITI OSOBNIH PODATAKA<\/a><\/p>\n\n\n\n<p><a href=\"https:\/\/visoki-jablani.org\/images\/files\/2023\/230118_Interni akt o nabavi male vrijednosti.pdf\" target=\"_blank\" rel=\"noreferrer noopener\">INTERNI AKT O PROVEDBI POSTUPKA&nbsp;NABAVE MALE VRIJEDNOSTI<\/a><\/p>\n\n\n\n<div style=\"height:35px\" aria-hidden=\"true\" class=\"wp-block-spacer\"><\/div>\n\n\n\n<p><a href=\"https:\/\/visoki-jablani.org\/images\/files\/2025\/31 STRATESKI PLAN-2025-2027.pdf\" target=\"_blank\" rel=\"noreferrer noopener\">STRATE\u0160KI PLAN 2025.-2027.<\/a><\/p>\n\n\n\n<p><a href=\"https:\/\/visoki-jablani.org\/hr\/wp-content\/uploads\/2026\/03\/Operativni-i-financijski-plan-2026.pdf\" data-type=\"link\" data-id=\"https:\/\/visoki-jablani.org\/hr\/wp-content\/uploads\/2026\/03\/Operativni-i-financijski-plan-2026.pdf\" target=\"_blank\" rel=\"noreferrer noopener\">OPERATIVNI I FINANCIJSKI PLAN 2026.<\/a><\/p>\n\n\n\n<p><a href=\"https:\/\/visoki-jablani.org\/images\/files\/2025\/32 Operativni i financijski plan 2025.pdf\" target=\"_blank\" rel=\"noreferrer noopener\">OPERATIVNI I FINANCIJSKI PLAN 2025.<\/a><\/p>\n\n\n\n<p><a href=\"https:\/\/visoki-jablani.org\/hr\/wp-content\/uploads\/2026\/03\/36.-gfi-2025-visoki-jablani.pdf\" data-type=\"link\" data-id=\"https:\/\/visoki-jablani.org\/hr\/wp-content\/uploads\/2026\/03\/36.-gfi-2025-visoki-jablani.pdf\">FINANCIJSKI IZVJE\u0160TAJ 2025.<\/a><\/p>\n\n\n\n<div style=\"height:35px\" aria-hidden=\"true\" class=\"wp-block-spacer\"><\/div>\n\n\n\n<p><a href=\"https:\/\/visoki-jablani.org\/images\/files\/STRATESKI-PLAN-2022-2024.pdf\" target=\"_blank\" rel=\"noreferrer noopener\">STRATE\u0160KI PLAN 2022.-2024.<\/a><\/p>\n\n\n\n<p><a href=\"https:\/\/visoki-jablani.org\/images\/files\/2024\/Operativni-i-financijski-plan-2024.pdf\" target=\"_blank\" rel=\"noreferrer noopener\">OPERATIVNI I FINANCIJSKI PLAN 2024.<\/a><\/p>\n\n\n\n<p><a href=\"https:\/\/visoki-jablani.org\/images\/files\/2025\/33 Godisnji izvjestaj za 2024.pdf\" target=\"_blank\" rel=\"noreferrer noopener\">GODI\u0160NJI IZVJE\u0160TAJ 2024.<\/a><\/p>\n\n\n\n<p><a href=\"https:\/\/visoki-jablani.org\/images\/files\/2025\/UDRUGA VISOKI JABLANI 12-2024.xls\" target=\"_blank\" rel=\"noreferrer noopener\">FINANCIJSKI IZVJE\u0160TAJ ZA 2024.<\/a><\/p>\n\n\n\n<p><a href=\"https:\/\/visoki-jablani.org\/images\/files\/2023\/Godisnji izvjestaj za 2023..pdf\" target=\"_blank\" rel=\"noreferrer noopener\">GODI\u0160NJI IZVJE\u0160TAJ 2023.<\/a><\/p>\n\n\n\n<p><a href=\"https:\/\/visoki-jablani.org\/images\/files\/2024\/VISOKI-JABLANI-2023-Neprof606-1.xls\" target=\"_blank\" rel=\"noreferrer noopener\">FINANCIJSKI IZVJE\u0160TAJ ZA 2023.<\/a><\/p>\n\n\n\n<div style=\"height:91px\" aria-hidden=\"true\" class=\"wp-block-spacer\"><\/div>\n","protected":false},"excerpt":{"rendered":"<p>STATUT VISOKI JABLANI IZMJENE I DOPUNE STATUTA 1\/2023. IZMJENE I DOPUNE STATUTA 6\/2023. PRAVILNIK O RADU ETI\u010cKI KODEKS PROTOKOL O SIGURNOSTI DJECE PRAVILNIK O RADU S VOLONTERIMA PRAVILNIK O ZA\u0160TITI OSOBNIH PODATAKA INTERNI AKT O PROVEDBI POSTUPKA&nbsp;NABAVE MALE VRIJEDNOSTI STRATE\u0160KI PLAN 2025.-2027. OPERATIVNI I FINANCIJSKI PLAN 2026. OPERATIVNI I FINANCIJSKI PLAN 2025. FINANCIJSKI IZVJE\u0160TAJ 2025. [&hellip;]<\/p>\n","protected":false},"author":1,"featured_media":0,"parent":0,"menu_order":0,"comment_status":"closed","ping_status":"closed","template":"","meta":{"footnotes":""},"class_list":["post-768","page","type-page","status-publish","hentry"],"_links":{"self":[{"href":"https:\/\/visoki-jablani.org\/hr\/wp-json\/wp\/v2\/pages\/768","targetHints":{"allow":["GET"]}}],"collection":[{"href":"https:\/\/visoki-jablani.org\/hr\/wp-json\/wp\/v2\/pages"}],"about":[{"href":"https:\/\/visoki-jablani.org\/hr\/wp-json\/wp\/v2\/types\/page"}],"author":[{"embeddable":true,"href":"https:\/\/visoki-jablani.org\/hr\/wp-json\/wp\/v2\/users\/1"}],"replies":[{"embeddable":true,"href":"https:\/\/visoki-jablani.org\/hr\/wp-json\/wp\/v2\/comments?post=768"}],"version-history":[{"count":14,"href":"https:\/\/visoki-jablani.org\/hr\/wp-json\/wp\/v2\/pages\/768\/revisions"}],"predecessor-version":[{"id":1781,"href":"https:\/\/visoki-jablani.org\/hr\/wp-json\/wp\/v2\/pages\/768\/revisions\/1781"}],"wp:attachment":[{"href":"https:\/\/visoki-jablani.org\/hr\/wp-json\/wp\/v2\/media?parent=768"}],"curies":[{"name":"wp","href":"https:\/\/api.w.org\/{rel}","templated":true}]}}