{"id":509,"date":"2025-04-29T16:29:48","date_gmt":"2025-04-29T16:29:48","guid":{"rendered":"https:\/\/visoki-jablani.org\/hr\/?page_id=509"},"modified":"2025-10-28T09:00:55","modified_gmt":"2025-10-28T09:00:55","slug":"biblioteka-visoki-jablani","status":"publish","type":"page","link":"https:\/\/visoki-jablani.org\/hr\/biblioteka-visoki-jablani\/","title":{"rendered":"Biblioteka VISOKI JABLANI"},"content":{"rendered":"\n<div class=\"wp-block-query alignwide is-layout-flow wp-block-query-is-layout-flow\"><ul class=\"columns-2 wp-block-post-template is-layout-grid wp-container-core-post-template-is-layout-f12a65ed wp-block-post-template-is-layout-grid\"><li class=\"wp-block-post post-1756 page type-page status-publish has-post-thumbnail hentry\">\n<h2 style=\"margin-top:0;margin-bottom:var(--wp--preset--spacing--10);\" class=\"wp-block-post-title has-large-font-size\"><a href=\"https:\/\/visoki-jablani.org\/hr\/biblioteka-visoki-jablani\/uskoro-objavljujemo-novu-slikovnicu\/\" target=\"_self\" >Objavljena nova slikovnica!<\/a><\/h2>\n\n<figure style=\"aspect-ratio:16\/9;\" class=\"alignwide wp-block-post-featured-image\"><a href=\"https:\/\/visoki-jablani.org\/hr\/biblioteka-visoki-jablani\/uskoro-objavljujemo-novu-slikovnicu\/\" target=\"_self\"  ><img loading=\"lazy\" decoding=\"async\" width=\"748\" height=\"454\" src=\"https:\/\/visoki-jablani.org\/hr\/wp-content\/uploads\/2026\/03\/Slikovnica-Djecak-koji-nije-cuo2.jpg\" class=\"attachment-full size-full wp-post-image\" alt=\"Objavljena nova slikovnica!\" style=\"width:100%;height:100%;object-fit:cover;\" srcset=\"https:\/\/visoki-jablani.org\/hr\/wp-content\/uploads\/2026\/03\/Slikovnica-Djecak-koji-nije-cuo2.jpg 748w, https:\/\/visoki-jablani.org\/hr\/wp-content\/uploads\/2026\/03\/Slikovnica-Djecak-koji-nije-cuo2-300x182.jpg 300w, https:\/\/visoki-jablani.org\/hr\/wp-content\/uploads\/2026\/03\/Slikovnica-Djecak-koji-nije-cuo2-150x91.jpg 150w\" sizes=\"auto, (max-width: 748px) 100vw, 748px\" \/><\/a><\/figure>\n\n<div class=\"wp-block-post-excerpt\"><p class=\"wp-block-post-excerpt__excerpt\">Udruga VISOKI JABLANI objavila je slikovnicu-stihopri\u010du za djecu &#8220;Dje\u010dak koji nije \u010duo&#8221; autora Kristijana Modru\u0161ana. Ova stihopri\u010da nastala je prvo kao kami\u0161ibaj pri\u010da za djecu, a kako se razvijala postala je spoj teksta, ilustracija, videa i glazbe, i uz prijevod na hrvatski znakovni jezik. Kristijan Modru\u0161an (Pula 1984.), koji je ve\u0107 izdao i zbirku pjesama<\/p><p class=\"wp-block-post-excerpt__more-text\"><a class=\"wp-block-post-excerpt__more-link\" href=\"https:\/\/visoki-jablani.org\/hr\/biblioteka-visoki-jablani\/uskoro-objavljujemo-novu-slikovnicu\/\">Vi\u0161e o knjizi<\/a><\/p><\/div>\n<\/li><li class=\"wp-block-post post-500 page type-page status-publish has-post-thumbnail hentry\">\n<h2 style=\"margin-top:0;margin-bottom:var(--wp--preset--spacing--10);\" class=\"wp-block-post-title has-large-font-size\"><a href=\"https:\/\/visoki-jablani.org\/hr\/biblioteka-visoki-jablani\/stagalj-na-jezeru-gun\/\" target=\"_self\" >\u0160tagalj na jezeru Gun<\/a><\/h2>\n\n<figure style=\"aspect-ratio:16\/9;\" class=\"alignwide wp-block-post-featured-image\"><a href=\"https:\/\/visoki-jablani.org\/hr\/biblioteka-visoki-jablani\/stagalj-na-jezeru-gun\/\" target=\"_self\"  ><img loading=\"lazy\" decoding=\"async\" width=\"800\" height=\"533\" src=\"https:\/\/visoki-jablani.org\/hr\/wp-content\/uploads\/2025\/08\/1459849860_MG_6441.jpg\" class=\"attachment-full size-full wp-post-image\" alt=\"\u0160tagalj na jezeru Gun\" style=\"width:100%;height:100%;object-fit:cover;\" srcset=\"https:\/\/visoki-jablani.org\/hr\/wp-content\/uploads\/2025\/08\/1459849860_MG_6441.jpg 800w, https:\/\/visoki-jablani.org\/hr\/wp-content\/uploads\/2025\/08\/1459849860_MG_6441-300x200.jpg 300w, https:\/\/visoki-jablani.org\/hr\/wp-content\/uploads\/2025\/08\/1459849860_MG_6441-150x100.jpg 150w, https:\/\/visoki-jablani.org\/hr\/wp-content\/uploads\/2025\/08\/1459849860_MG_6441-768x512.jpg 768w\" sizes=\"auto, (max-width: 800px) 100vw, 800px\" \/><\/a><\/figure>\n\n<div class=\"wp-block-post-excerpt\"><p class=\"wp-block-post-excerpt__excerpt\">Biblioteku VISOKI JABLANI, specijaliziranu za promicanje ljudskih prava i jednakih mogu\u0107nosti, pokrenuli smo s knjigom &#8220;\u0160tagalj na jezeru Gun&#8221;, prve od sedam knjiga iz serije dje\u010djih pustolovnih romana o avanturama dru\u017eine s jezera Gun, ameri\u010dkih autora Johnnieja Tuitela i Sharon Lamson. Na\u0161a Biblioteka je posve\u0107ena prvenstveno djeci i mladima, ali i njihovim roditeljima, skrbnicima, odgajateljima,<\/p><p class=\"wp-block-post-excerpt__more-text\"><a class=\"wp-block-post-excerpt__more-link\" href=\"https:\/\/visoki-jablani.org\/hr\/biblioteka-visoki-jablani\/stagalj-na-jezeru-gun\/\">Vi\u0161e o knjizi<\/a><\/p><\/div>\n<\/li><li class=\"wp-block-post post-496 page type-page status-publish has-post-thumbnail hentry\">\n<h2 style=\"margin-top:0;margin-bottom:var(--wp--preset--spacing--10);\" class=\"wp-block-post-title has-large-font-size\"><a href=\"https:\/\/visoki-jablani.org\/hr\/biblioteka-visoki-jablani\/marketing-drustvenog-poduzetnistva\/\" target=\"_self\" >Marketing dru\u0161tvenog poduzetni\u0161tva<\/a><\/h2>\n\n<figure style=\"aspect-ratio:16\/9;\" class=\"alignwide wp-block-post-featured-image\"><a href=\"https:\/\/visoki-jablani.org\/hr\/biblioteka-visoki-jablani\/marketing-drustvenog-poduzetnistva\/\" target=\"_self\"  ><img loading=\"lazy\" decoding=\"async\" width=\"744\" height=\"510\" src=\"https:\/\/visoki-jablani.org\/hr\/wp-content\/uploads\/2025\/04\/marketing_knjiga.jpg\" class=\"attachment-full size-full wp-post-image\" alt=\"Marketing dru\u0161tvenog poduzetni\u0161tva\" style=\"width:100%;height:100%;object-fit:cover;\" srcset=\"https:\/\/visoki-jablani.org\/hr\/wp-content\/uploads\/2025\/04\/marketing_knjiga.jpg 744w, https:\/\/visoki-jablani.org\/hr\/wp-content\/uploads\/2025\/04\/marketing_knjiga-300x206.jpg 300w, https:\/\/visoki-jablani.org\/hr\/wp-content\/uploads\/2025\/04\/marketing_knjiga-150x103.jpg 150w\" sizes=\"auto, (max-width: 744px) 100vw, 744px\" \/><\/a><\/figure>\n\n<div class=\"wp-block-post-excerpt\"><p class=\"wp-block-post-excerpt__excerpt\">Znanstvena knjiga prof.dr.sc. Nevena \u0160eri\u0107a na 286 stranica jednostavnim i razumljivim jezikom pribli\u017eava materiju istra\u017eivanja tr\u017ei\u0161ta, razvoja novih proizvoda i usluga te brendiranja u dru\u0161tvenom poduzetni\u0161tvu. Predstavljeni marketin\u0161ki alati i koncepti prilago\u0111eni su specifi\u010dnostima dru\u0161tvenog poduzetni\u0161tva obzirom da se ono temelji na profitu, ali i generiranju osobitih dru\u0161tvenih koristi. Djelo je i prakti\u010dna znanstvena visoko\u0161kolska<\/p><p class=\"wp-block-post-excerpt__more-text\"><a class=\"wp-block-post-excerpt__more-link\" href=\"https:\/\/visoki-jablani.org\/hr\/biblioteka-visoki-jablani\/marketing-drustvenog-poduzetnistva\/\">Vi\u0161e o knjizi<\/a><\/p><\/div>\n<\/li><\/ul><\/div>\n\n\n\n<div style=\"height:100px\" aria-hidden=\"true\" class=\"wp-block-spacer\"><\/div>\n","protected":false},"excerpt":{"rendered":"","protected":false},"author":1,"featured_media":0,"parent":0,"menu_order":0,"comment_status":"closed","ping_status":"closed","template":"","meta":{"footnotes":""},"class_list":["post-509","page","type-page","status-publish","hentry"],"_links":{"self":[{"href":"https:\/\/visoki-jablani.org\/hr\/wp-json\/wp\/v2\/pages\/509","targetHints":{"allow":["GET"]}}],"collection":[{"href":"https:\/\/visoki-jablani.org\/hr\/wp-json\/wp\/v2\/pages"}],"about":[{"href":"https:\/\/visoki-jablani.org\/hr\/wp-json\/wp\/v2\/types\/page"}],"author":[{"embeddable":true,"href":"https:\/\/visoki-jablani.org\/hr\/wp-json\/wp\/v2\/users\/1"}],"replies":[{"embeddable":true,"href":"https:\/\/visoki-jablani.org\/hr\/wp-json\/wp\/v2\/comments?post=509"}],"version-history":[{"count":14,"href":"https:\/\/visoki-jablani.org\/hr\/wp-json\/wp\/v2\/pages\/509\/revisions"}],"predecessor-version":[{"id":1646,"href":"https:\/\/visoki-jablani.org\/hr\/wp-json\/wp\/v2\/pages\/509\/revisions\/1646"}],"wp:attachment":[{"href":"https:\/\/visoki-jablani.org\/hr\/wp-json\/wp\/v2\/media?parent=509"}],"curies":[{"name":"wp","href":"https:\/\/api.w.org\/{rel}","templated":true}]}}