{"id":500,"date":"2025-04-25T07:37:11","date_gmt":"2025-04-25T07:37:11","guid":{"rendered":"https:\/\/visoki-jablani.org\/hr\/?page_id=500"},"modified":"2026-04-23T17:25:26","modified_gmt":"2026-04-23T17:25:26","slug":"stagalj-na-jezeru-gun","status":"publish","type":"page","link":"https:\/\/visoki-jablani.org\/hr\/biblioteka-visoki-jablani\/stagalj-na-jezeru-gun\/","title":{"rendered":"\u0160tagalj na jezeru Gun"},"content":{"rendered":"\n<div class=\"wp-block-group alignwide is-layout-flow wp-block-group-is-layout-flow\">\n<figure class=\"wp-block-image alignleft size-full is-resized has-custom-border wp-duotone-unset-1\" style=\"margin-bottom:var(--wp--preset--spacing--10)\"><img loading=\"lazy\" decoding=\"async\" width=\"652\" height=\"435\" src=\"https:\/\/visoki-jablani.org\/hr\/wp-content\/uploads\/2025\/05\/stagalj-spread-color-correction.jpg\" alt=\"\" class=\"wp-image-713\" style=\"border-radius:20px;width:543px;height:auto\" srcset=\"https:\/\/visoki-jablani.org\/hr\/wp-content\/uploads\/2025\/05\/stagalj-spread-color-correction.jpg 652w, https:\/\/visoki-jablani.org\/hr\/wp-content\/uploads\/2025\/05\/stagalj-spread-color-correction-300x200.jpg 300w, https:\/\/visoki-jablani.org\/hr\/wp-content\/uploads\/2025\/05\/stagalj-spread-color-correction-150x100.jpg 150w\" sizes=\"auto, (max-width: 652px) 100vw, 652px\" \/><\/figure>\n\n\n\n<p class=\"has-heading-font-family\" style=\"font-size:clamp(0.984rem, 0.984rem + ((1vw - 0.2rem) * 0.86), 1.5rem);\">Biblioteku VISOKI JABLANI, specijaliziranu za promicanje ljudskih prava i jednakih mogu\u0107nosti, pokrenuli smo s knjigom &#8220;\u0160tagalj na jezeru Gun&#8221;, prve od sedam knjiga iz serije dje\u010djih pustolovnih romana o avanturama dru\u017eine s jezera Gun, ameri\u010dkih autora Johnnieja Tuitela i Sharon Lamson. <\/p>\n<\/div>\n\n\n\n<p>Na\u0161a Biblioteka je posve\u0107ena prvenstveno djeci i mladima, ali i njihovim roditeljima, skrbnicima, odgajateljima, nastavnicima te svima onima koji izravno ili neizravno utje\u010du na dje\u010dje \u017eivote.<\/p>\n\n\n\n<p>Ovo prvo izdanje knjige na hrvatskom jeziku pripremljeno je i tiskano kao pomo\u0107no nastavno sredstvo u neformalnoj edukaciji u\u010denika osnovnih \u0161kola u sklopu projekta &#8220;Ba\u0161 smo cool tako jednaki, a tako razli\u010diti!&#8221;, te dotiskano u sklopu gra\u0111anske akcije \u017divimo s razumijevanjem! Cilj nam je \u0161iriti kulturu tolerancije i razumijevanje \u201edrugog i druga\u010dijeg\u201c me\u0111u osnovno\u0161kolcima; prevenirati i suzbijati diskriminaciju i vr\u0161nja\u010dko nasilje kroz senzibiliziranje djece i mladih za potrebe, ali prvenstveno za sposobnosti i kapacitete njihovih vr\u0161njaka s pote\u0161ko\u0107ama u razvoju.<\/p>\n\n\n\n<div class=\"wp-block-group alignfull has-global-padding is-layout-constrained wp-container-core-group-is-layout-d89aad35 wp-block-group-is-layout-constrained\" style=\"margin-top:0;margin-bottom:0;padding-top:var(--wp--preset--spacing--50);padding-right:var(--wp--preset--spacing--50);padding-bottom:var(--wp--preset--spacing--50);padding-left:var(--wp--preset--spacing--50)\">\n<div class=\"wp-block-columns alignwide are-vertically-aligned-center is-layout-flex wp-container-core-columns-is-layout-47c06fe3 wp-block-columns-is-layout-flex\">\n<div class=\"wp-block-column is-vertically-aligned-center is-layout-flow wp-block-column-is-layout-flow\" style=\"flex-basis:50%\">\n<p>\u0160tagalj na jezeru Gun <em>je jedinstvena knjiga u Hrvatskoj<\/em>.<\/p>\n\n\n\n<p>Po \u010demu je jedinstvena?<br>Po prvi puta u Hrvatskoj jedna knjiga za djecu i mlade istodobno je objavljena:<\/p>\n\n\n\n<ul style=\"line-height:1.75\" class=\"wp-block-list is-style-checkmark-list\">\n<li>u tiskanom izdanju<\/li>\n\n\n\n<li>u audioformatu i<\/li>\n\n\n\n<li>na brajevom pismu.<\/li>\n<\/ul>\n<\/div>\n\n\n\n<div class=\"wp-block-column is-vertically-aligned-center is-layout-flow wp-block-column-is-layout-flow\" style=\"flex-basis:50%\">\n<figure class=\"wp-block-image size-full is-style-rounded is-style-rounded--2\"><img loading=\"lazy\" decoding=\"async\" width=\"2048\" height=\"1536\" src=\"https:\/\/visoki-jablani.org\/hr\/wp-content\/uploads\/2025\/05\/stagalj-na-interliberu.jpg\" alt=\"\" class=\"wp-image-705\" style=\"aspect-ratio:4\/3;object-fit:cover\" srcset=\"https:\/\/visoki-jablani.org\/hr\/wp-content\/uploads\/2025\/05\/stagalj-na-interliberu.jpg 2048w, https:\/\/visoki-jablani.org\/hr\/wp-content\/uploads\/2025\/05\/stagalj-na-interliberu-300x225.jpg 300w, https:\/\/visoki-jablani.org\/hr\/wp-content\/uploads\/2025\/05\/stagalj-na-interliberu-1024x768.jpg 1024w, https:\/\/visoki-jablani.org\/hr\/wp-content\/uploads\/2025\/05\/stagalj-na-interliberu-150x113.jpg 150w, https:\/\/visoki-jablani.org\/hr\/wp-content\/uploads\/2025\/05\/stagalj-na-interliberu-768x576.jpg 768w, https:\/\/visoki-jablani.org\/hr\/wp-content\/uploads\/2025\/05\/stagalj-na-interliberu-1536x1152.jpg 1536w\" sizes=\"auto, (max-width: 2048px) 100vw, 2048px\" \/><\/figure>\n<\/div>\n<\/div>\n<\/div>\n\n\n\n<p>Djeca nemaju predrasude dok im ih ne \u201eusadimo\u201c. Otvorena su za nova saznanja i iskustva. Za izgradnju kvalitetne i sretne li\u010dnosti, izuzetno je bitno da dijete spozna bogatstvo razli\u010ditosti i razvije kvalitetne odnose s &#8220;druga\u010dijima od sebe&#8221;, razumijevaju\u0107i da smo svi u biti isti, s istim dominantnim \u017eeljama i potrebama. Na\u017ealost, mi odrasli smo im izgradili dru\u0161tvo s duboko ukorijenjenim stereotipima i predrasudama \u0161to rezultira diskriminacijom i isklju\u010deno\u0161\u0107u odre\u0111enih skupina iz dru\u0161tvenog \u017eivota. Time zapravo ne pru\u017eamo djeci i mladima mogu\u0107nost da se upoznaju s razli\u010ditostima, da shvate i prihvate stvarni svijet u kojem \u017eive, spoznaju da ideal \u201esavr\u0161enstva\u201c i materijalne vrijednosti koje im name\u0107e dana\u0161nje dru\u0161tvo nisu prave vrijednosti koje ih mogu u\u010diniti sretnima, ve\u0107 naprotiv, da su prave vrijednosti sadr\u017eane u prijateljstvu, ljubavi, solidarnosti, potpori, uzajamnom po\u0161tivanju, razumijevanju i toleranciji.<\/p>\n\n\n\n<div class=\"wp-block-group has-global-padding is-layout-constrained wp-block-group-is-layout-constrained\">\n<figure class=\"wp-block-image alignleft size-full\"><img loading=\"lazy\" decoding=\"async\" width=\"182\" height=\"276\" src=\"https:\/\/visoki-jablani.org\/hr\/wp-content\/uploads\/2025\/05\/stagalj-na-obali-gun.jpg\" alt=\"\" class=\"wp-image-630\" style=\"box-shadow:var(--wp--preset--shadow--sharp)\" srcset=\"https:\/\/visoki-jablani.org\/hr\/wp-content\/uploads\/2025\/05\/stagalj-na-obali-gun.jpg 182w, https:\/\/visoki-jablani.org\/hr\/wp-content\/uploads\/2025\/05\/stagalj-na-obali-gun-99x150.jpg 99w\" sizes=\"auto, (max-width: 182px) 100vw, 182px\" \/><\/figure>\n<\/div>\n\n\n\n<p>Upravo o tome govori ova prva avantura dru\u017eine s jezera Gun kojom smo po\u017eeljeli unijeti u dje\u010dje \u017eivote radost kvalitetnih vr\u0161nja\u010dkih odnosa te \u0161iriti univerzalne ljudske i demokratske vrijednosti me\u0111u mladima.<\/p>\n\n\n\n<p>Posebno se nadamo da \u0107e ova pustolovina doprinijeti izgradnji samopouzdanja djece i mladih te vjere njihovih najmilijih u njihove sposobnosti.<\/p>\n\n\n\n<p><em>Urednica Biblioteke VISOKI JABLANI Mihaela Jovi\u0107 Kare\u0161in<\/em><\/p>\n\n\n\n<div style=\"height:100px\" aria-hidden=\"true\" class=\"wp-block-spacer\"><\/div>\n","protected":false},"excerpt":{"rendered":"<p>Biblioteku VISOKI JABLANI, specijaliziranu za promicanje ljudskih prava i jednakih mogu\u0107nosti, pokrenuli smo s knjigom &#8220;\u0160tagalj na jezeru Gun&#8221;, prve od sedam knjiga iz serije dje\u010djih pustolovnih romana o avanturama dru\u017eine s jezera Gun, ameri\u010dkih autora Johnnieja Tuitela i Sharon Lamson. Na\u0161a Biblioteka je posve\u0107ena prvenstveno djeci i mladima, ali i njihovim roditeljima, skrbnicima, odgajateljima, [&hellip;]<\/p>\n","protected":false},"author":2,"featured_media":1437,"parent":509,"menu_order":0,"comment_status":"closed","ping_status":"closed","template":"","meta":{"footnotes":""},"class_list":["post-500","page","type-page","status-publish","has-post-thumbnail","hentry"],"_links":{"self":[{"href":"https:\/\/visoki-jablani.org\/hr\/wp-json\/wp\/v2\/pages\/500","targetHints":{"allow":["GET"]}}],"collection":[{"href":"https:\/\/visoki-jablani.org\/hr\/wp-json\/wp\/v2\/pages"}],"about":[{"href":"https:\/\/visoki-jablani.org\/hr\/wp-json\/wp\/v2\/types\/page"}],"author":[{"embeddable":true,"href":"https:\/\/visoki-jablani.org\/hr\/wp-json\/wp\/v2\/users\/2"}],"replies":[{"embeddable":true,"href":"https:\/\/visoki-jablani.org\/hr\/wp-json\/wp\/v2\/comments?post=500"}],"version-history":[{"count":17,"href":"https:\/\/visoki-jablani.org\/hr\/wp-json\/wp\/v2\/pages\/500\/revisions"}],"predecessor-version":[{"id":911,"href":"https:\/\/visoki-jablani.org\/hr\/wp-json\/wp\/v2\/pages\/500\/revisions\/911"}],"up":[{"embeddable":true,"href":"https:\/\/visoki-jablani.org\/hr\/wp-json\/wp\/v2\/pages\/509"}],"wp:featuredmedia":[{"embeddable":true,"href":"https:\/\/visoki-jablani.org\/hr\/wp-json\/wp\/v2\/media\/1437"}],"wp:attachment":[{"href":"https:\/\/visoki-jablani.org\/hr\/wp-json\/wp\/v2\/media?parent=500"}],"curies":[{"name":"wp","href":"https:\/\/api.w.org\/{rel}","templated":true}]}}