{"id":496,"date":"2025-04-25T07:32:49","date_gmt":"2025-04-25T07:32:49","guid":{"rendered":"https:\/\/visoki-jablani.org\/hr\/?page_id=496"},"modified":"2025-05-13T20:11:43","modified_gmt":"2025-05-13T20:11:43","slug":"marketing-drustvenog-poduzetnistva","status":"publish","type":"page","link":"https:\/\/visoki-jablani.org\/hr\/biblioteka-visoki-jablani\/marketing-drustvenog-poduzetnistva\/","title":{"rendered":"Marketing dru\u0161tvenog poduzetni\u0161tva"},"content":{"rendered":"\n<div class=\"wp-block-group alignwide is-layout-flow wp-block-group-is-layout-flow\">\n<figure class=\"wp-block-image alignleft size-full is-resized has-custom-border\" style=\"margin-bottom:var(--wp--preset--spacing--20)\"><img loading=\"lazy\" decoding=\"async\" width=\"744\" height=\"510\" src=\"https:\/\/visoki-jablani.org\/hr\/wp-content\/uploads\/2025\/04\/marketing_knjiga.jpg\" alt=\"\" class=\"wp-image-523\" style=\"border-style:none;border-width:0px;border-radius:20px;width:484px;height:auto\" srcset=\"https:\/\/visoki-jablani.org\/hr\/wp-content\/uploads\/2025\/04\/marketing_knjiga.jpg 744w, https:\/\/visoki-jablani.org\/hr\/wp-content\/uploads\/2025\/04\/marketing_knjiga-300x206.jpg 300w, https:\/\/visoki-jablani.org\/hr\/wp-content\/uploads\/2025\/04\/marketing_knjiga-150x103.jpg 150w\" sizes=\"auto, (max-width: 744px) 100vw, 744px\" \/><\/figure>\n\n\n\n<p class=\"has-heading-font-family\" style=\"font-size:clamp(0.984rem, 0.984rem + ((1vw - 0.2rem) * 0.86), 1.5rem);\">Znanstvena knjiga prof.dr.sc. Nevena \u0160eri\u0107a na 286 stranica jednostavnim i razumljivim jezikom pribli\u017eava materiju istra\u017eivanja tr\u017ei\u0161ta, razvoja novih proizvoda i usluga te brendiranja u dru\u0161tvenom poduzetni\u0161tvu. <\/p>\n<\/div>\n\n\n\n<p>Predstavljeni marketin\u0161ki alati i koncepti prilago\u0111eni su specifi\u010dnostima dru\u0161tvenog poduzetni\u0161tva obzirom da se ono temelji na profitu, ali i generiranju osobitih dru\u0161tvenih koristi. Djelo je i prakti\u010dna znanstvena visoko\u0161kolska literatura za kolegije Marketing poduzetni\u0161tva, Marketing dru\u0161tvenog poduzetni\u0161tva i Marketing neprofitnih institucija. Opse\u017ean popis kori\u0161tene literature broji vi\u0161e od 300 naslova.<\/p>\n\n\n\n<p>Recenzenti knjige su sveu\u010dili\u0161ni profesori iz RH, Slovenije, Sjeverne Makedonije, BiH i Crne Gore. Znanstvena literatura za ovo podru\u010dje gospodarstva je i na globalnoj razini rijetka. U tim okvirima, ovo je prva knjiga koja obra\u0111uje marketin\u0161ke alate prilago\u0111ene dru\u0161tvenom poduzetni\u0161tvu.<\/p>\n\n\n\n<p>Dru\u0161tveno poduzetni\u0161tvo je novi gospodarski fenomen koji se pojavljuje tijekom osamdesetih godina 20. stolje\u0107a u Americi. U posttranzicijskim zemljama je na po\u010detku razvoja. Dru\u0161tvena poduze\u0107a djeluju u funkciji uravnote\u017eenja dru\u0161tvenih odnosa i pobolj\u0161anja standarda lokalnog stanovni\u0161tva, no njihov opstanak primarno ovisi o profitu.<\/p>\n\n\n\n<p>U knjizi su predstavljene prakti\u010dne smjernice kako implementacijom marketin\u0161kih alata unaprijediti poslovanje i pove\u0107ati zaradu. Materija je podijeljena u tri temeljne cjeline: istra\u017eivanje tr\u017ei\u0161ta u dru\u0161tvenom poduzetni\u0161tvu, razvoj i upravljanje proizvodom i uslugom u dru\u0161tvenom poduzetni\u0161tvu, te osnove kreiranja marke za dru\u0161tvene poduzetnike. Autor, sveu\u010dili\u0161ni profesor s dugogodi\u0161njom poslovnom praksom, je povezao suvremenu marketin\u0161ku teoriju s vlastitim iskustvima. Materija je izlo\u017eena na na\u010din da se mo\u017ee prakti\u010dno implementirati u poslovanje dru\u0161tvenih poduze\u0107a i svih udruga civilnoga dru\u0161tva.<\/p>\n\n\n\n<div style=\"height:100px\" aria-hidden=\"true\" class=\"wp-block-spacer\"><\/div>\n","protected":false},"excerpt":{"rendered":"<p>Znanstvena knjiga prof.dr.sc. Nevena \u0160eri\u0107a na 286 stranica jednostavnim i razumljivim jezikom pribli\u017eava materiju istra\u017eivanja tr\u017ei\u0161ta, razvoja novih proizvoda i usluga te brendiranja u dru\u0161tvenom poduzetni\u0161tvu. Predstavljeni marketin\u0161ki alati i koncepti prilago\u0111eni su specifi\u010dnostima dru\u0161tvenog poduzetni\u0161tva obzirom da se ono temelji na profitu, ali i generiranju osobitih dru\u0161tvenih koristi. Djelo je i prakti\u010dna znanstvena visoko\u0161kolska [&hellip;]<\/p>\n","protected":false},"author":2,"featured_media":523,"parent":509,"menu_order":0,"comment_status":"closed","ping_status":"closed","template":"","meta":{"footnotes":""},"class_list":["post-496","page","type-page","status-publish","has-post-thumbnail","hentry"],"_links":{"self":[{"href":"https:\/\/visoki-jablani.org\/hr\/wp-json\/wp\/v2\/pages\/496","targetHints":{"allow":["GET"]}}],"collection":[{"href":"https:\/\/visoki-jablani.org\/hr\/wp-json\/wp\/v2\/pages"}],"about":[{"href":"https:\/\/visoki-jablani.org\/hr\/wp-json\/wp\/v2\/types\/page"}],"author":[{"embeddable":true,"href":"https:\/\/visoki-jablani.org\/hr\/wp-json\/wp\/v2\/users\/2"}],"replies":[{"embeddable":true,"href":"https:\/\/visoki-jablani.org\/hr\/wp-json\/wp\/v2\/comments?post=496"}],"version-history":[{"count":18,"href":"https:\/\/visoki-jablani.org\/hr\/wp-json\/wp\/v2\/pages\/496\/revisions"}],"predecessor-version":[{"id":625,"href":"https:\/\/visoki-jablani.org\/hr\/wp-json\/wp\/v2\/pages\/496\/revisions\/625"}],"up":[{"embeddable":true,"href":"https:\/\/visoki-jablani.org\/hr\/wp-json\/wp\/v2\/pages\/509"}],"wp:featuredmedia":[{"embeddable":true,"href":"https:\/\/visoki-jablani.org\/hr\/wp-json\/wp\/v2\/media\/523"}],"wp:attachment":[{"href":"https:\/\/visoki-jablani.org\/hr\/wp-json\/wp\/v2\/media?parent=496"}],"curies":[{"name":"wp","href":"https:\/\/api.w.org\/{rel}","templated":true}]}}