{"id":487,"date":"2017-04-18T08:42:10","date_gmt":"2017-04-18T08:42:10","guid":{"rendered":"https:\/\/visoki-jablani.org\/hr\/?page_id=487"},"modified":"2025-08-20T12:37:16","modified_gmt":"2025-08-20T12:37:16","slug":"projekt-odgovorno-poslovanje-cisti-svijet","status":"publish","type":"page","link":"https:\/\/visoki-jablani.org\/hr\/projekti\/projekt-odgovorno-poslovanje-cisti-svijet\/","title":{"rendered":"Odgovorno poslovanje, \u010disti svijet"},"content":{"rendered":"\n<div class=\"wp-block-group is-nowrap is-layout-flex wp-container-core-group-is-layout-6c531013 wp-block-group-is-layout-flex\">\n<div class=\"wp-block-media-text is-stacked-on-mobile\" style=\"grid-template-columns:25% auto\"><figure class=\"wp-block-media-text__media\"><img loading=\"lazy\" decoding=\"async\" width=\"1017\" height=\"1024\" src=\"https:\/\/visoki-jablani.org\/hr\/wp-content\/uploads\/2025\/04\/prirucnik-SAPO-1-1017x1024.jpg\" alt=\"\" class=\"wp-image-548 size-full\" srcset=\"https:\/\/visoki-jablani.org\/hr\/wp-content\/uploads\/2025\/04\/prirucnik-SAPO-1-1017x1024.jpg 1017w, https:\/\/visoki-jablani.org\/hr\/wp-content\/uploads\/2025\/04\/prirucnik-SAPO-1-298x300.jpg 298w, https:\/\/visoki-jablani.org\/hr\/wp-content\/uploads\/2025\/04\/prirucnik-SAPO-1-150x150.jpg 150w, https:\/\/visoki-jablani.org\/hr\/wp-content\/uploads\/2025\/04\/prirucnik-SAPO-1-768x773.jpg 768w, https:\/\/visoki-jablani.org\/hr\/wp-content\/uploads\/2025\/04\/prirucnik-SAPO-1.jpg 1024w\" sizes=\"auto, (max-width: 1017px) 100vw, 1017px\" \/><\/figure><div class=\"wp-block-media-text__content\">\n<p>Projekt <a href=\"https:\/\/sapo-reciklirani-sapun.com\/\" target=\"_blank\" rel=\"noreferrer noopener\">\u201eOdgovorno poslovanje &#8211; \u010disti svijet!\u201c<\/a> inovativni je model cirkularne ekonomije, socijalnog poduzetni\u0161tva i javno-privatnog partnerstva za odr\u017eivi dru\u0161tveni razvoj. Uspostavljen je mali pogon za recikla\u017eu hotelskih sapuna i dva radna centra koji educiraju osobe s invaliditetom o recikla\u017ei sapuna i plasiranju novih proizvoda na tr\u017ei\u0161te te istovremeno uklanjaju tone kemijskog otpada koje generira hotelijerski sektor.<\/p>\n<\/div><\/div>\n\n\n\n<p>&nbsp;<\/p>\n<\/div>\n\n\n\n<p>Tijekom projekta, koji je trajao od 1. svibnja 2015. do 31. kolovoza 2016. godine, edukaciju za recikla\u017eu sapuna, pakovanje, promociju te vo\u0111enje socijalnog poduze\u0107a pro\u0161lo je 46 osoba s invaliditetom.<\/p>\n\n\n\n<figure class=\"wp-block-gallery aligncenter has-nested-images columns-2 is-cropped wp-block-gallery-2 is-layout-flex wp-block-gallery-is-layout-flex\">\n<figure data-wp-context=\"{&quot;imageId&quot;:&quot;6a0452bf91621&quot;}\" data-wp-interactive=\"core\/image\" data-wp-key=\"6a0452bf91621\" class=\"wp-block-image size-full has-custom-border is-style-default wp-lightbox-container\"><img loading=\"lazy\" decoding=\"async\" width=\"1024\" height=\"575\" data-wp-class--hide=\"state.isContentHidden\" data-wp-class--show=\"state.isContentVisible\" data-wp-init=\"callbacks.setButtonStyles\" data-wp-on--click=\"actions.showLightbox\" data-wp-on--load=\"callbacks.setButtonStyles\" data-wp-on-window--resize=\"callbacks.setButtonStyles\" data-id=\"1392\" src=\"https:\/\/visoki-jablani.org\/hr\/wp-content\/uploads\/2025\/07\/P1140560.jpg\" alt=\"\" class=\"wp-image-1392\" style=\"border-radius:5px\" srcset=\"https:\/\/visoki-jablani.org\/hr\/wp-content\/uploads\/2025\/07\/P1140560.jpg 1024w, https:\/\/visoki-jablani.org\/hr\/wp-content\/uploads\/2025\/07\/P1140560-300x168.jpg 300w, https:\/\/visoki-jablani.org\/hr\/wp-content\/uploads\/2025\/07\/P1140560-150x84.jpg 150w, https:\/\/visoki-jablani.org\/hr\/wp-content\/uploads\/2025\/07\/P1140560-768x431.jpg 768w\" sizes=\"auto, (max-width: 1024px) 100vw, 1024px\" \/><button\n\t\t\tclass=\"lightbox-trigger\"\n\t\t\ttype=\"button\"\n\t\t\taria-haspopup=\"dialog\"\n\t\t\taria-label=\"Enlarge\"\n\t\t\tdata-wp-init=\"callbacks.initTriggerButton\"\n\t\t\tdata-wp-on--click=\"actions.showLightbox\"\n\t\t\tdata-wp-style--right=\"state.imageButtonRight\"\n\t\t\tdata-wp-style--top=\"state.imageButtonTop\"\n\t\t>\n\t\t\t<svg xmlns=\"http:\/\/www.w3.org\/2000\/svg\" width=\"12\" height=\"12\" fill=\"none\" viewBox=\"0 0 12 12\">\n\t\t\t\t<path fill=\"#fff\" d=\"M2 0a2 2 0 0 0-2 2v2h1.5V2a.5.5 0 0 1 .5-.5h2V0H2Zm2 10.5H2a.5.5 0 0 1-.5-.5V8H0v2a2 2 0 0 0 2 2h2v-1.5ZM8 12v-1.5h2a.5.5 0 0 0 .5-.5V8H12v2a2 2 0 0 1-2 2H8Zm2-12a2 2 0 0 1 2 2v2h-1.5V2a.5.5 0 0 0-.5-.5H8V0h2Z\" \/>\n\t\t\t<\/svg>\n\t\t<\/button><\/figure>\n\n\n\n<figure data-wp-context=\"{&quot;imageId&quot;:&quot;6a0452bf91a42&quot;}\" data-wp-interactive=\"core\/image\" data-wp-key=\"6a0452bf91a42\" class=\"wp-block-image size-full has-custom-border is-style-rounded is-style-rounded--1 wp-lightbox-container\"><img loading=\"lazy\" decoding=\"async\" width=\"1024\" height=\"576\" data-wp-class--hide=\"state.isContentHidden\" data-wp-class--show=\"state.isContentVisible\" data-wp-init=\"callbacks.setButtonStyles\" data-wp-on--click=\"actions.showLightbox\" data-wp-on--load=\"callbacks.setButtonStyles\" data-wp-on-window--resize=\"callbacks.setButtonStyles\" data-id=\"1393\" src=\"https:\/\/visoki-jablani.org\/hr\/wp-content\/uploads\/2025\/07\/P1140537.jpg\" alt=\"\" class=\"wp-image-1393\" style=\"border-radius:5px\" srcset=\"https:\/\/visoki-jablani.org\/hr\/wp-content\/uploads\/2025\/07\/P1140537.jpg 1024w, https:\/\/visoki-jablani.org\/hr\/wp-content\/uploads\/2025\/07\/P1140537-300x169.jpg 300w, https:\/\/visoki-jablani.org\/hr\/wp-content\/uploads\/2025\/07\/P1140537-150x84.jpg 150w, https:\/\/visoki-jablani.org\/hr\/wp-content\/uploads\/2025\/07\/P1140537-768x432.jpg 768w\" sizes=\"auto, (max-width: 1024px) 100vw, 1024px\" \/><button\n\t\t\tclass=\"lightbox-trigger\"\n\t\t\ttype=\"button\"\n\t\t\taria-haspopup=\"dialog\"\n\t\t\taria-label=\"Enlarge\"\n\t\t\tdata-wp-init=\"callbacks.initTriggerButton\"\n\t\t\tdata-wp-on--click=\"actions.showLightbox\"\n\t\t\tdata-wp-style--right=\"state.imageButtonRight\"\n\t\t\tdata-wp-style--top=\"state.imageButtonTop\"\n\t\t>\n\t\t\t<svg xmlns=\"http:\/\/www.w3.org\/2000\/svg\" width=\"12\" height=\"12\" fill=\"none\" viewBox=\"0 0 12 12\">\n\t\t\t\t<path fill=\"#fff\" d=\"M2 0a2 2 0 0 0-2 2v2h1.5V2a.5.5 0 0 1 .5-.5h2V0H2Zm2 10.5H2a.5.5 0 0 1-.5-.5V8H0v2a2 2 0 0 0 2 2h2v-1.5ZM8 12v-1.5h2a.5.5 0 0 0 .5-.5V8H12v2a2 2 0 0 1-2 2H8Zm2-12a2 2 0 0 1 2 2v2h-1.5V2a.5.5 0 0 0-.5-.5H8V0h2Z\" \/>\n\t\t\t<\/svg>\n\t\t<\/button><\/figure>\n<\/figure>\n\n\n\n<p>Projekt je proveden s ciljem da se pove\u0107a zapo\u0161ljivost osoba s invaliditetom u sektoru zelenih zanimanja, otvore nova radna mjesta u sektoru zelene ekonomije, osigura tr\u017ei\u0161te za nove proizvode te da se podigne javna svijest o radnim sposobnostima osoba s invaliditetom i prednostima njihove integracije na tr\u017ei\u0161te rada.<\/p>\n\n\n\n<figure class=\"wp-block-gallery aligncenter has-nested-images columns-2 is-cropped wp-block-gallery-4 is-layout-flex wp-block-gallery-is-layout-flex\">\n<figure data-wp-context=\"{&quot;imageId&quot;:&quot;6a0452bf91d8b&quot;}\" data-wp-interactive=\"core\/image\" data-wp-key=\"6a0452bf91d8b\" class=\"wp-block-image size-full has-custom-border is-style-default wp-lightbox-container\"><img loading=\"lazy\" decoding=\"async\" width=\"1024\" height=\"576\" data-wp-class--hide=\"state.isContentHidden\" data-wp-class--show=\"state.isContentVisible\" data-wp-init=\"callbacks.setButtonStyles\" data-wp-on--click=\"actions.showLightbox\" data-wp-on--load=\"callbacks.setButtonStyles\" data-wp-on-window--resize=\"callbacks.setButtonStyles\" data-id=\"1398\" src=\"https:\/\/visoki-jablani.org\/hr\/wp-content\/uploads\/2025\/07\/P1140639.jpg\" alt=\"\" class=\"wp-image-1398\" style=\"border-radius:5px\" srcset=\"https:\/\/visoki-jablani.org\/hr\/wp-content\/uploads\/2025\/07\/P1140639.jpg 1024w, https:\/\/visoki-jablani.org\/hr\/wp-content\/uploads\/2025\/07\/P1140639-300x169.jpg 300w, https:\/\/visoki-jablani.org\/hr\/wp-content\/uploads\/2025\/07\/P1140639-150x84.jpg 150w, https:\/\/visoki-jablani.org\/hr\/wp-content\/uploads\/2025\/07\/P1140639-768x432.jpg 768w\" sizes=\"auto, (max-width: 1024px) 100vw, 1024px\" \/><button\n\t\t\tclass=\"lightbox-trigger\"\n\t\t\ttype=\"button\"\n\t\t\taria-haspopup=\"dialog\"\n\t\t\taria-label=\"Enlarge\"\n\t\t\tdata-wp-init=\"callbacks.initTriggerButton\"\n\t\t\tdata-wp-on--click=\"actions.showLightbox\"\n\t\t\tdata-wp-style--right=\"state.imageButtonRight\"\n\t\t\tdata-wp-style--top=\"state.imageButtonTop\"\n\t\t>\n\t\t\t<svg xmlns=\"http:\/\/www.w3.org\/2000\/svg\" width=\"12\" height=\"12\" fill=\"none\" viewBox=\"0 0 12 12\">\n\t\t\t\t<path fill=\"#fff\" d=\"M2 0a2 2 0 0 0-2 2v2h1.5V2a.5.5 0 0 1 .5-.5h2V0H2Zm2 10.5H2a.5.5 0 0 1-.5-.5V8H0v2a2 2 0 0 0 2 2h2v-1.5ZM8 12v-1.5h2a.5.5 0 0 0 .5-.5V8H12v2a2 2 0 0 1-2 2H8Zm2-12a2 2 0 0 1 2 2v2h-1.5V2a.5.5 0 0 0-.5-.5H8V0h2Z\" \/>\n\t\t\t<\/svg>\n\t\t<\/button><\/figure>\n\n\n\n<figure data-wp-context=\"{&quot;imageId&quot;:&quot;6a0452bf92181&quot;}\" data-wp-interactive=\"core\/image\" data-wp-key=\"6a0452bf92181\" class=\"wp-block-image size-full has-custom-border is-style-rounded is-style-rounded--3 wp-lightbox-container\"><img loading=\"lazy\" decoding=\"async\" width=\"1024\" height=\"576\" data-wp-class--hide=\"state.isContentHidden\" data-wp-class--show=\"state.isContentVisible\" data-wp-init=\"callbacks.setButtonStyles\" data-wp-on--click=\"actions.showLightbox\" data-wp-on--load=\"callbacks.setButtonStyles\" data-wp-on-window--resize=\"callbacks.setButtonStyles\" data-id=\"1397\" src=\"https:\/\/visoki-jablani.org\/hr\/wp-content\/uploads\/2025\/07\/P1140507-1.jpg\" alt=\"\" class=\"wp-image-1397\" style=\"border-radius:5px\" srcset=\"https:\/\/visoki-jablani.org\/hr\/wp-content\/uploads\/2025\/07\/P1140507-1.jpg 1024w, https:\/\/visoki-jablani.org\/hr\/wp-content\/uploads\/2025\/07\/P1140507-1-300x169.jpg 300w, https:\/\/visoki-jablani.org\/hr\/wp-content\/uploads\/2025\/07\/P1140507-1-150x84.jpg 150w, https:\/\/visoki-jablani.org\/hr\/wp-content\/uploads\/2025\/07\/P1140507-1-768x432.jpg 768w\" sizes=\"auto, (max-width: 1024px) 100vw, 1024px\" \/><button\n\t\t\tclass=\"lightbox-trigger\"\n\t\t\ttype=\"button\"\n\t\t\taria-haspopup=\"dialog\"\n\t\t\taria-label=\"Enlarge\"\n\t\t\tdata-wp-init=\"callbacks.initTriggerButton\"\n\t\t\tdata-wp-on--click=\"actions.showLightbox\"\n\t\t\tdata-wp-style--right=\"state.imageButtonRight\"\n\t\t\tdata-wp-style--top=\"state.imageButtonTop\"\n\t\t>\n\t\t\t<svg xmlns=\"http:\/\/www.w3.org\/2000\/svg\" width=\"12\" height=\"12\" fill=\"none\" viewBox=\"0 0 12 12\">\n\t\t\t\t<path fill=\"#fff\" d=\"M2 0a2 2 0 0 0-2 2v2h1.5V2a.5.5 0 0 1 .5-.5h2V0H2Zm2 10.5H2a.5.5 0 0 1-.5-.5V8H0v2a2 2 0 0 0 2 2h2v-1.5ZM8 12v-1.5h2a.5.5 0 0 0 .5-.5V8H12v2a2 2 0 0 1-2 2H8Zm2-12a2 2 0 0 1 2 2v2h-1.5V2a.5.5 0 0 0-.5-.5H8V0h2Z\" \/>\n\t\t\t<\/svg>\n\t\t<\/button><\/figure>\n<\/figure>\n\n\n\n<p>Ideja je proiza\u0161la iz potrebe hotelijera da prate trendove uvo\u0111enja zelenog poslovanja kako bi postali konkurentniji; potrebe za reduciranjem stope nezaposlenosti, posebno ni\u017ee obrazovanih i te\u0161ko zapo\u0161ljivih dru\u0161tvenih skupina; te potrebe za razvojem novih, tzv. zelenih zanimanja koja su u Hrvatskoj deficitarna.<\/p>\n\n\n\n<p>Recikliranje otpada u Hrvatskoj jedna je od najprogresivnijih proizvodnji sa rastom prihoda od 20% do 400% po pojedinoj tvrtki (recikliranje metala, stakla, papira, gume, elektroni\u010dkog otpada i sl.), no nema niti jedan registrirani poslovni subjekt za recikla\u017eu sapuna.<\/p>\n\n\n\n<figure class=\"wp-block-image aligncenter size-full\"><a href=\"https:\/\/sapo-reciklirani-sapun.com\/\" target=\"_blank\" rel=\" noreferrer noopener\"><img loading=\"lazy\" decoding=\"async\" width=\"1320\" height=\"873\" src=\"https:\/\/visoki-jablani.org\/hr\/wp-content\/uploads\/2025\/04\/sapo.jpg\" alt=\"\" class=\"wp-image-506\" srcset=\"https:\/\/visoki-jablani.org\/hr\/wp-content\/uploads\/2025\/04\/sapo.jpg 1320w, https:\/\/visoki-jablani.org\/hr\/wp-content\/uploads\/2025\/04\/sapo-300x198.jpg 300w, https:\/\/visoki-jablani.org\/hr\/wp-content\/uploads\/2025\/04\/sapo-1024x677.jpg 1024w, https:\/\/visoki-jablani.org\/hr\/wp-content\/uploads\/2025\/04\/sapo-150x99.jpg 150w, https:\/\/visoki-jablani.org\/hr\/wp-content\/uploads\/2025\/04\/sapo-768x508.jpg 768w\" sizes=\"auto, (max-width: 1320px) 100vw, 1320px\" \/><\/a><\/figure>\n\n\n\n<p><strong>Promotivni filmovi: od ideje do realizacije<\/strong><\/p>\n\n\n\n<p>&#8220;Pokazujemo da su OSI gra\u0111ani koji imaju i snagu i potencijal, i kao takvima trebamo im omogu\u0107iti da se integriraju kroz rad i zapo\u0161ljavanje. Ako spojimo u tome partnerstvo izme\u0111u institucija vlasti, poslovnog sektora i civilnog sektora, mislim da \u0107emo uspjeti motivirati zajednicu da ovakve projekte prepozna kao vrijednost koja stvara nova radna mjesta.&#8221; Voditelj projekta Ante Raos<\/p>\n\n\n\n<p><strong>Partneri<\/strong><\/p>\n\n\n\n<p>Mre\u017ea udruga osoba s invaliditetom Dalmacije<\/p>\n\n\n\n<p>Hrvatski Zavod za zapo\u0161ljavanje<\/p>\n\n\n\n<p>Kemijsko-tehnolo\u0161ki fakultet u Splitu<\/p>\n\n\n\n<p>U\u010dili\u0161te Zlatna vrata<\/p>\n\n\n\n<p>Hotel Park<\/p>\n\n\n\n<p>Umjetni\u010dka akademija u Splitu<\/p>\n\n\n\n<p>Centar Josipovac<\/p>\n\n\n\n<figure class=\"wp-block-gallery aligncenter has-nested-images columns-2 is-cropped wp-block-gallery-6 is-layout-flex wp-block-gallery-is-layout-flex\">\n<figure data-wp-context=\"{&quot;imageId&quot;:&quot;6a0452bf924ef&quot;}\" data-wp-interactive=\"core\/image\" data-wp-key=\"6a0452bf924ef\" class=\"wp-block-image size-full has-custom-border is-style-default wp-lightbox-container\"><img loading=\"lazy\" decoding=\"async\" width=\"640\" height=\"480\" data-wp-class--hide=\"state.isContentHidden\" data-wp-class--show=\"state.isContentVisible\" data-wp-init=\"callbacks.setButtonStyles\" data-wp-on--click=\"actions.showLightbox\" data-wp-on--load=\"callbacks.setButtonStyles\" data-wp-on-window--resize=\"callbacks.setButtonStyles\" data-id=\"1412\" src=\"https:\/\/visoki-jablani.org\/hr\/wp-content\/uploads\/2025\/07\/sapuni3.jpg\" alt=\"\" class=\"wp-image-1412\" style=\"border-radius:5px\" srcset=\"https:\/\/visoki-jablani.org\/hr\/wp-content\/uploads\/2025\/07\/sapuni3.jpg 640w, https:\/\/visoki-jablani.org\/hr\/wp-content\/uploads\/2025\/07\/sapuni3-300x225.jpg 300w, https:\/\/visoki-jablani.org\/hr\/wp-content\/uploads\/2025\/07\/sapuni3-150x113.jpg 150w\" sizes=\"auto, (max-width: 640px) 100vw, 640px\" \/><button\n\t\t\tclass=\"lightbox-trigger\"\n\t\t\ttype=\"button\"\n\t\t\taria-haspopup=\"dialog\"\n\t\t\taria-label=\"Enlarge\"\n\t\t\tdata-wp-init=\"callbacks.initTriggerButton\"\n\t\t\tdata-wp-on--click=\"actions.showLightbox\"\n\t\t\tdata-wp-style--right=\"state.imageButtonRight\"\n\t\t\tdata-wp-style--top=\"state.imageButtonTop\"\n\t\t>\n\t\t\t<svg xmlns=\"http:\/\/www.w3.org\/2000\/svg\" width=\"12\" height=\"12\" fill=\"none\" viewBox=\"0 0 12 12\">\n\t\t\t\t<path fill=\"#fff\" d=\"M2 0a2 2 0 0 0-2 2v2h1.5V2a.5.5 0 0 1 .5-.5h2V0H2Zm2 10.5H2a.5.5 0 0 1-.5-.5V8H0v2a2 2 0 0 0 2 2h2v-1.5ZM8 12v-1.5h2a.5.5 0 0 0 .5-.5V8H12v2a2 2 0 0 1-2 2H8Zm2-12a2 2 0 0 1 2 2v2h-1.5V2a.5.5 0 0 0-.5-.5H8V0h2Z\" \/>\n\t\t\t<\/svg>\n\t\t<\/button><\/figure>\n\n\n\n<figure data-wp-context=\"{&quot;imageId&quot;:&quot;6a0452bf9284d&quot;}\" data-wp-interactive=\"core\/image\" data-wp-key=\"6a0452bf9284d\" class=\"wp-block-image size-full has-custom-border is-style-rounded is-style-rounded--5 wp-lightbox-container\"><img loading=\"lazy\" decoding=\"async\" width=\"1024\" height=\"576\" data-wp-class--hide=\"state.isContentHidden\" data-wp-class--show=\"state.isContentVisible\" data-wp-init=\"callbacks.setButtonStyles\" data-wp-on--click=\"actions.showLightbox\" data-wp-on--load=\"callbacks.setButtonStyles\" data-wp-on-window--resize=\"callbacks.setButtonStyles\" data-id=\"1414\" src=\"https:\/\/visoki-jablani.org\/hr\/wp-content\/uploads\/2025\/07\/sapuni.jpg\" alt=\"\" class=\"wp-image-1414\" style=\"border-radius:5px\" srcset=\"https:\/\/visoki-jablani.org\/hr\/wp-content\/uploads\/2025\/07\/sapuni.jpg 1024w, https:\/\/visoki-jablani.org\/hr\/wp-content\/uploads\/2025\/07\/sapuni-300x169.jpg 300w, https:\/\/visoki-jablani.org\/hr\/wp-content\/uploads\/2025\/07\/sapuni-150x84.jpg 150w, https:\/\/visoki-jablani.org\/hr\/wp-content\/uploads\/2025\/07\/sapuni-768x432.jpg 768w\" sizes=\"auto, (max-width: 1024px) 100vw, 1024px\" \/><button\n\t\t\tclass=\"lightbox-trigger\"\n\t\t\ttype=\"button\"\n\t\t\taria-haspopup=\"dialog\"\n\t\t\taria-label=\"Enlarge\"\n\t\t\tdata-wp-init=\"callbacks.initTriggerButton\"\n\t\t\tdata-wp-on--click=\"actions.showLightbox\"\n\t\t\tdata-wp-style--right=\"state.imageButtonRight\"\n\t\t\tdata-wp-style--top=\"state.imageButtonTop\"\n\t\t>\n\t\t\t<svg xmlns=\"http:\/\/www.w3.org\/2000\/svg\" width=\"12\" height=\"12\" fill=\"none\" viewBox=\"0 0 12 12\">\n\t\t\t\t<path fill=\"#fff\" d=\"M2 0a2 2 0 0 0-2 2v2h1.5V2a.5.5 0 0 1 .5-.5h2V0H2Zm2 10.5H2a.5.5 0 0 1-.5-.5V8H0v2a2 2 0 0 0 2 2h2v-1.5ZM8 12v-1.5h2a.5.5 0 0 0 .5-.5V8H12v2a2 2 0 0 1-2 2H8Zm2-12a2 2 0 0 1 2 2v2h-1.5V2a.5.5 0 0 0-.5-.5H8V0h2Z\" \/>\n\t\t\t<\/svg>\n\t\t<\/button><\/figure>\n<\/figure>\n\n\n\n<div style=\"height:100px\" aria-hidden=\"true\" class=\"wp-block-spacer\"><\/div>\n","protected":false},"excerpt":{"rendered":"<p>Projekt \u201eOdgovorno poslovanje &#8211; \u010disti svijet!\u201c inovativni je model cirkularne ekonomije, socijalnog poduzetni\u0161tva i javno-privatnog partnerstva za odr\u017eivi dru\u0161tveni razvoj. Uspostavljen je mali pogon za recikla\u017eu hotelskih sapuna i dva radna centra koji educiraju osobe s invaliditetom o recikla\u017ei sapuna i plasiranju novih proizvoda na tr\u017ei\u0161te te istovremeno uklanjaju tone kemijskog otpada koje generira hotelijerski [&hellip;]<\/p>\n","protected":false},"author":2,"featured_media":1465,"parent":231,"menu_order":0,"comment_status":"closed","ping_status":"closed","template":"","meta":{"footnotes":""},"class_list":["post-487","page","type-page","status-publish","has-post-thumbnail","hentry"],"_links":{"self":[{"href":"https:\/\/visoki-jablani.org\/hr\/wp-json\/wp\/v2\/pages\/487","targetHints":{"allow":["GET"]}}],"collection":[{"href":"https:\/\/visoki-jablani.org\/hr\/wp-json\/wp\/v2\/pages"}],"about":[{"href":"https:\/\/visoki-jablani.org\/hr\/wp-json\/wp\/v2\/types\/page"}],"author":[{"embeddable":true,"href":"https:\/\/visoki-jablani.org\/hr\/wp-json\/wp\/v2\/users\/2"}],"replies":[{"embeddable":true,"href":"https:\/\/visoki-jablani.org\/hr\/wp-json\/wp\/v2\/comments?post=487"}],"version-history":[{"count":20,"href":"https:\/\/visoki-jablani.org\/hr\/wp-json\/wp\/v2\/pages\/487\/revisions"}],"predecessor-version":[{"id":1415,"href":"https:\/\/visoki-jablani.org\/hr\/wp-json\/wp\/v2\/pages\/487\/revisions\/1415"}],"up":[{"embeddable":true,"href":"https:\/\/visoki-jablani.org\/hr\/wp-json\/wp\/v2\/pages\/231"}],"wp:featuredmedia":[{"embeddable":true,"href":"https:\/\/visoki-jablani.org\/hr\/wp-json\/wp\/v2\/media\/1465"}],"wp:attachment":[{"href":"https:\/\/visoki-jablani.org\/hr\/wp-json\/wp\/v2\/media?parent=487"}],"curies":[{"name":"wp","href":"https:\/\/api.w.org\/{rel}","templated":true}]}}