{"id":471,"date":"2018-04-16T16:18:14","date_gmt":"2018-04-16T16:18:14","guid":{"rendered":"https:\/\/visoki-jablani.org\/hr\/?page_id=471"},"modified":"2025-08-20T12:41:39","modified_gmt":"2025-08-20T12:41:39","slug":"replast-3d","status":"publish","type":"page","link":"https:\/\/visoki-jablani.org\/hr\/projekti\/replast-3d\/","title":{"rendered":"RePlast 3D"},"content":{"rendered":"\n<p>Projekt <a href=\"https:\/\/replast3d.com\/\" target=\"_blank\" rel=\"noreferrer noopener\">\u201eRePlast 3D\u201c<\/a> Udruge VISOKI JABLANI i Centra UP2DATE iz Zagreba oja\u010dao je kapacitet partnerskih udruga da pokrenu dru\u0161tveno poduze\u0107e za sekundarno zbrinjavanje plasti\u010dnog otpada. Osposobljavanje za poslovno upravljanje, recikla\u017eu plastike i proizvodnju filamenta (punjenja) za 3D printere pro\u0161li su \u010dlanovi i korisnici partnerskih udruga &#8211; nezaposlene osobe s invaliditetom, \u017eene i mladi. Projektom smo istodobno nastojali podi\u0107i razinu javne svijesti o dru\u0161tvenom poduzetni\u0161tvu kao generatoru odr\u017eivog gospodarskog i dru\u0161tvenog razvoja te doprinijeti razvoju dru\u0161tvenog poduzetni\u0161tva u Republici Hrvatskoj.<\/p>\n\n\n\n<figure class=\"wp-block-gallery has-nested-images columns-6 is-cropped wp-block-gallery-2 is-layout-flex wp-block-gallery-is-layout-flex\">\n<figure data-wp-context=\"{&quot;imageId&quot;:&quot;6a04522905728&quot;}\" data-wp-interactive=\"core\/image\" data-wp-key=\"6a04522905728\" class=\"wp-block-image size-full has-custom-border is-style-default wp-lightbox-container\"><img loading=\"lazy\" decoding=\"async\" width=\"1163\" height=\"654\" data-wp-class--hide=\"state.isContentHidden\" data-wp-class--show=\"state.isContentVisible\" data-wp-init=\"callbacks.setButtonStyles\" data-wp-on--click=\"actions.showLightbox\" data-wp-on--load=\"callbacks.setButtonStyles\" data-wp-on-window--resize=\"callbacks.setButtonStyles\" data-id=\"886\" src=\"https:\/\/visoki-jablani.org\/hr\/wp-content\/uploads\/2025\/05\/IMG_20180725_114309.jpg\" alt=\"\" class=\"wp-image-886\" style=\"border-radius:5px\" srcset=\"https:\/\/visoki-jablani.org\/hr\/wp-content\/uploads\/2025\/05\/IMG_20180725_114309.jpg 1163w, https:\/\/visoki-jablani.org\/hr\/wp-content\/uploads\/2025\/05\/IMG_20180725_114309-300x169.jpg 300w, https:\/\/visoki-jablani.org\/hr\/wp-content\/uploads\/2025\/05\/IMG_20180725_114309-1024x576.jpg 1024w, https:\/\/visoki-jablani.org\/hr\/wp-content\/uploads\/2025\/05\/IMG_20180725_114309-150x84.jpg 150w, https:\/\/visoki-jablani.org\/hr\/wp-content\/uploads\/2025\/05\/IMG_20180725_114309-768x432.jpg 768w\" sizes=\"auto, (max-width: 1163px) 100vw, 1163px\" \/><button\n\t\t\tclass=\"lightbox-trigger\"\n\t\t\ttype=\"button\"\n\t\t\taria-haspopup=\"dialog\"\n\t\t\taria-label=\"Enlarge\"\n\t\t\tdata-wp-init=\"callbacks.initTriggerButton\"\n\t\t\tdata-wp-on--click=\"actions.showLightbox\"\n\t\t\tdata-wp-style--right=\"state.imageButtonRight\"\n\t\t\tdata-wp-style--top=\"state.imageButtonTop\"\n\t\t>\n\t\t\t<svg xmlns=\"http:\/\/www.w3.org\/2000\/svg\" width=\"12\" height=\"12\" fill=\"none\" viewBox=\"0 0 12 12\">\n\t\t\t\t<path fill=\"#fff\" d=\"M2 0a2 2 0 0 0-2 2v2h1.5V2a.5.5 0 0 1 .5-.5h2V0H2Zm2 10.5H2a.5.5 0 0 1-.5-.5V8H0v2a2 2 0 0 0 2 2h2v-1.5ZM8 12v-1.5h2a.5.5 0 0 0 .5-.5V8H12v2a2 2 0 0 1-2 2H8Zm2-12a2 2 0 0 1 2 2v2h-1.5V2a.5.5 0 0 0-.5-.5H8V0h2Z\" \/>\n\t\t\t<\/svg>\n\t\t<\/button><\/figure>\n\n\n\n<figure data-wp-context=\"{&quot;imageId&quot;:&quot;6a04522905e95&quot;}\" data-wp-interactive=\"core\/image\" data-wp-key=\"6a04522905e95\" class=\"wp-block-image size-full has-custom-border is-style-rounded is-style-rounded--1 wp-lightbox-container\"><img loading=\"lazy\" decoding=\"async\" width=\"1163\" height=\"654\" data-wp-class--hide=\"state.isContentHidden\" data-wp-class--show=\"state.isContentVisible\" data-wp-init=\"callbacks.setButtonStyles\" data-wp-on--click=\"actions.showLightbox\" data-wp-on--load=\"callbacks.setButtonStyles\" data-wp-on-window--resize=\"callbacks.setButtonStyles\" data-id=\"883\" src=\"https:\/\/visoki-jablani.org\/hr\/wp-content\/uploads\/2025\/05\/IMG_20180725_114102.jpg\" alt=\"\" class=\"wp-image-883\" style=\"border-radius:5px\" srcset=\"https:\/\/visoki-jablani.org\/hr\/wp-content\/uploads\/2025\/05\/IMG_20180725_114102.jpg 1163w, https:\/\/visoki-jablani.org\/hr\/wp-content\/uploads\/2025\/05\/IMG_20180725_114102-300x169.jpg 300w, https:\/\/visoki-jablani.org\/hr\/wp-content\/uploads\/2025\/05\/IMG_20180725_114102-1024x576.jpg 1024w, https:\/\/visoki-jablani.org\/hr\/wp-content\/uploads\/2025\/05\/IMG_20180725_114102-150x84.jpg 150w, https:\/\/visoki-jablani.org\/hr\/wp-content\/uploads\/2025\/05\/IMG_20180725_114102-768x432.jpg 768w\" sizes=\"auto, (max-width: 1163px) 100vw, 1163px\" \/><button\n\t\t\tclass=\"lightbox-trigger\"\n\t\t\ttype=\"button\"\n\t\t\taria-haspopup=\"dialog\"\n\t\t\taria-label=\"Enlarge\"\n\t\t\tdata-wp-init=\"callbacks.initTriggerButton\"\n\t\t\tdata-wp-on--click=\"actions.showLightbox\"\n\t\t\tdata-wp-style--right=\"state.imageButtonRight\"\n\t\t\tdata-wp-style--top=\"state.imageButtonTop\"\n\t\t>\n\t\t\t<svg xmlns=\"http:\/\/www.w3.org\/2000\/svg\" width=\"12\" height=\"12\" fill=\"none\" viewBox=\"0 0 12 12\">\n\t\t\t\t<path fill=\"#fff\" d=\"M2 0a2 2 0 0 0-2 2v2h1.5V2a.5.5 0 0 1 .5-.5h2V0H2Zm2 10.5H2a.5.5 0 0 1-.5-.5V8H0v2a2 2 0 0 0 2 2h2v-1.5ZM8 12v-1.5h2a.5.5 0 0 0 .5-.5V8H12v2a2 2 0 0 1-2 2H8Zm2-12a2 2 0 0 1 2 2v2h-1.5V2a.5.5 0 0 0-.5-.5H8V0h2Z\" \/>\n\t\t\t<\/svg>\n\t\t<\/button><\/figure>\n<\/figure>\n\n\n\n<p>Projekt je financirala Europska unija, iz Europskog socijalnog fonda, putem Operativnog programa \u201eU\u010dinkoviti ljudski potencijali\u201c 2014. \u2013 2020., u okviru instrumenta \u201ePoticanje dru\u0161tvenog poduzetni\u0161tva\u201c. Projekt je trajao od lipnja 2017. do svibnja 2018. godine. U Kninu je 9 starijih dugotrajno nezaposlenih \u017eena educirano za oporabu plasti\u010dnih materijala, a u Zagrebu je 7 visokoobrazovanih osoba s invaliditetom educirano za pokretanje dru\u0161tvenog poduzetni\u0161tva i upravljanje dru\u0161tvenim poduze\u0107em.<\/p>\n\n\n\n<figure class=\"wp-block-gallery aligncenter has-nested-images columns-2 is-cropped wp-block-gallery-6 is-layout-flex wp-block-gallery-is-layout-flex\">\n<figure data-wp-context=\"{&quot;imageId&quot;:&quot;6a04522906233&quot;}\" data-wp-interactive=\"core\/image\" data-wp-key=\"6a04522906233\" class=\"wp-block-image size-full has-custom-border is-style-default wp-lightbox-container\"><img loading=\"lazy\" decoding=\"async\" width=\"1163\" height=\"654\" data-wp-class--hide=\"state.isContentHidden\" data-wp-class--show=\"state.isContentVisible\" data-wp-init=\"callbacks.setButtonStyles\" data-wp-on--click=\"actions.showLightbox\" data-wp-on--load=\"callbacks.setButtonStyles\" data-wp-on-window--resize=\"callbacks.setButtonStyles\" data-id=\"1343\" src=\"https:\/\/visoki-jablani.org\/hr\/wp-content\/uploads\/2025\/07\/IMG_20180725_114210.jpg\" alt=\"\" class=\"wp-image-1343\" style=\"border-radius:5px\" srcset=\"https:\/\/visoki-jablani.org\/hr\/wp-content\/uploads\/2025\/07\/IMG_20180725_114210.jpg 1163w, https:\/\/visoki-jablani.org\/hr\/wp-content\/uploads\/2025\/07\/IMG_20180725_114210-300x169.jpg 300w, https:\/\/visoki-jablani.org\/hr\/wp-content\/uploads\/2025\/07\/IMG_20180725_114210-1024x576.jpg 1024w, https:\/\/visoki-jablani.org\/hr\/wp-content\/uploads\/2025\/07\/IMG_20180725_114210-150x84.jpg 150w, https:\/\/visoki-jablani.org\/hr\/wp-content\/uploads\/2025\/07\/IMG_20180725_114210-768x432.jpg 768w\" sizes=\"auto, (max-width: 1163px) 100vw, 1163px\" \/><button\n\t\t\tclass=\"lightbox-trigger\"\n\t\t\ttype=\"button\"\n\t\t\taria-haspopup=\"dialog\"\n\t\t\taria-label=\"Enlarge\"\n\t\t\tdata-wp-init=\"callbacks.initTriggerButton\"\n\t\t\tdata-wp-on--click=\"actions.showLightbox\"\n\t\t\tdata-wp-style--right=\"state.imageButtonRight\"\n\t\t\tdata-wp-style--top=\"state.imageButtonTop\"\n\t\t>\n\t\t\t<svg xmlns=\"http:\/\/www.w3.org\/2000\/svg\" width=\"12\" height=\"12\" fill=\"none\" viewBox=\"0 0 12 12\">\n\t\t\t\t<path fill=\"#fff\" d=\"M2 0a2 2 0 0 0-2 2v2h1.5V2a.5.5 0 0 1 .5-.5h2V0H2Zm2 10.5H2a.5.5 0 0 1-.5-.5V8H0v2a2 2 0 0 0 2 2h2v-1.5ZM8 12v-1.5h2a.5.5 0 0 0 .5-.5V8H12v2a2 2 0 0 1-2 2H8Zm2-12a2 2 0 0 1 2 2v2h-1.5V2a.5.5 0 0 0-.5-.5H8V0h2Z\" \/>\n\t\t\t<\/svg>\n\t\t<\/button><\/figure>\n\n\n\n<figure data-wp-context=\"{&quot;imageId&quot;:&quot;6a04522906594&quot;}\" data-wp-interactive=\"core\/image\" data-wp-key=\"6a04522906594\" class=\"wp-block-image size-full has-custom-border is-style-rounded is-style-rounded--3 wp-lightbox-container\"><img loading=\"lazy\" decoding=\"async\" width=\"1163\" height=\"654\" data-wp-class--hide=\"state.isContentHidden\" data-wp-class--show=\"state.isContentVisible\" data-wp-init=\"callbacks.setButtonStyles\" data-wp-on--click=\"actions.showLightbox\" data-wp-on--load=\"callbacks.setButtonStyles\" data-wp-on-window--resize=\"callbacks.setButtonStyles\" data-id=\"1347\" src=\"https:\/\/visoki-jablani.org\/hr\/wp-content\/uploads\/2025\/07\/IMG_20180725_130624.jpg\" alt=\"\" class=\"wp-image-1347\" style=\"border-radius:5px\" srcset=\"https:\/\/visoki-jablani.org\/hr\/wp-content\/uploads\/2025\/07\/IMG_20180725_130624.jpg 1163w, https:\/\/visoki-jablani.org\/hr\/wp-content\/uploads\/2025\/07\/IMG_20180725_130624-300x169.jpg 300w, https:\/\/visoki-jablani.org\/hr\/wp-content\/uploads\/2025\/07\/IMG_20180725_130624-1024x576.jpg 1024w, https:\/\/visoki-jablani.org\/hr\/wp-content\/uploads\/2025\/07\/IMG_20180725_130624-150x84.jpg 150w, https:\/\/visoki-jablani.org\/hr\/wp-content\/uploads\/2025\/07\/IMG_20180725_130624-768x432.jpg 768w\" sizes=\"auto, (max-width: 1163px) 100vw, 1163px\" \/><button\n\t\t\tclass=\"lightbox-trigger\"\n\t\t\ttype=\"button\"\n\t\t\taria-haspopup=\"dialog\"\n\t\t\taria-label=\"Enlarge\"\n\t\t\tdata-wp-init=\"callbacks.initTriggerButton\"\n\t\t\tdata-wp-on--click=\"actions.showLightbox\"\n\t\t\tdata-wp-style--right=\"state.imageButtonRight\"\n\t\t\tdata-wp-style--top=\"state.imageButtonTop\"\n\t\t>\n\t\t\t<svg xmlns=\"http:\/\/www.w3.org\/2000\/svg\" width=\"12\" height=\"12\" fill=\"none\" viewBox=\"0 0 12 12\">\n\t\t\t\t<path fill=\"#fff\" d=\"M2 0a2 2 0 0 0-2 2v2h1.5V2a.5.5 0 0 1 .5-.5h2V0H2Zm2 10.5H2a.5.5 0 0 1-.5-.5V8H0v2a2 2 0 0 0 2 2h2v-1.5ZM8 12v-1.5h2a.5.5 0 0 0 .5-.5V8H12v2a2 2 0 0 1-2 2H8Zm2-12a2 2 0 0 1 2 2v2h-1.5V2a.5.5 0 0 0-.5-.5H8V0h2Z\" \/>\n\t\t\t<\/svg>\n\t\t<\/button><\/figure>\n\n\n\n<figure data-wp-context=\"{&quot;imageId&quot;:&quot;6a045229068bd&quot;}\" data-wp-interactive=\"core\/image\" data-wp-key=\"6a045229068bd\" class=\"wp-block-image size-full has-custom-border is-style-rounded is-style-rounded--4 wp-lightbox-container\"><img loading=\"lazy\" decoding=\"async\" width=\"1163\" height=\"654\" data-wp-class--hide=\"state.isContentHidden\" data-wp-class--show=\"state.isContentVisible\" data-wp-init=\"callbacks.setButtonStyles\" data-wp-on--click=\"actions.showLightbox\" data-wp-on--load=\"callbacks.setButtonStyles\" data-wp-on-window--resize=\"callbacks.setButtonStyles\" data-id=\"1345\" src=\"https:\/\/visoki-jablani.org\/hr\/wp-content\/uploads\/2025\/07\/IMG_20180725_114050.jpg\" alt=\"\" class=\"wp-image-1345\" style=\"border-radius:5px\" srcset=\"https:\/\/visoki-jablani.org\/hr\/wp-content\/uploads\/2025\/07\/IMG_20180725_114050.jpg 1163w, https:\/\/visoki-jablani.org\/hr\/wp-content\/uploads\/2025\/07\/IMG_20180725_114050-300x169.jpg 300w, https:\/\/visoki-jablani.org\/hr\/wp-content\/uploads\/2025\/07\/IMG_20180725_114050-1024x576.jpg 1024w, https:\/\/visoki-jablani.org\/hr\/wp-content\/uploads\/2025\/07\/IMG_20180725_114050-150x84.jpg 150w, https:\/\/visoki-jablani.org\/hr\/wp-content\/uploads\/2025\/07\/IMG_20180725_114050-768x432.jpg 768w\" sizes=\"auto, (max-width: 1163px) 100vw, 1163px\" \/><button\n\t\t\tclass=\"lightbox-trigger\"\n\t\t\ttype=\"button\"\n\t\t\taria-haspopup=\"dialog\"\n\t\t\taria-label=\"Enlarge\"\n\t\t\tdata-wp-init=\"callbacks.initTriggerButton\"\n\t\t\tdata-wp-on--click=\"actions.showLightbox\"\n\t\t\tdata-wp-style--right=\"state.imageButtonRight\"\n\t\t\tdata-wp-style--top=\"state.imageButtonTop\"\n\t\t>\n\t\t\t<svg xmlns=\"http:\/\/www.w3.org\/2000\/svg\" width=\"12\" height=\"12\" fill=\"none\" viewBox=\"0 0 12 12\">\n\t\t\t\t<path fill=\"#fff\" d=\"M2 0a2 2 0 0 0-2 2v2h1.5V2a.5.5 0 0 1 .5-.5h2V0H2Zm2 10.5H2a.5.5 0 0 1-.5-.5V8H0v2a2 2 0 0 0 2 2h2v-1.5ZM8 12v-1.5h2a.5.5 0 0 0 .5-.5V8H12v2a2 2 0 0 1-2 2H8Zm2-12a2 2 0 0 1 2 2v2h-1.5V2a.5.5 0 0 0-.5-.5H8V0h2Z\" \/>\n\t\t\t<\/svg>\n\t\t<\/button><\/figure>\n\n\n\n<figure data-wp-context=\"{&quot;imageId&quot;:&quot;6a04522906bfe&quot;}\" data-wp-interactive=\"core\/image\" data-wp-key=\"6a04522906bfe\" class=\"wp-block-image size-full has-custom-border is-style-rounded is-style-rounded--5 wp-lightbox-container\"><img loading=\"lazy\" decoding=\"async\" width=\"400\" height=\"300\" data-wp-class--hide=\"state.isContentHidden\" data-wp-class--show=\"state.isContentVisible\" data-wp-init=\"callbacks.setButtonStyles\" data-wp-on--click=\"actions.showLightbox\" data-wp-on--load=\"callbacks.setButtonStyles\" data-wp-on-window--resize=\"callbacks.setButtonStyles\" data-id=\"1346\" src=\"https:\/\/visoki-jablani.org\/hr\/wp-content\/uploads\/2025\/07\/IMG_5010.jpg\" alt=\"\" class=\"wp-image-1346\" style=\"border-radius:5px\" srcset=\"https:\/\/visoki-jablani.org\/hr\/wp-content\/uploads\/2025\/07\/IMG_5010.jpg 400w, https:\/\/visoki-jablani.org\/hr\/wp-content\/uploads\/2025\/07\/IMG_5010-300x225.jpg 300w, https:\/\/visoki-jablani.org\/hr\/wp-content\/uploads\/2025\/07\/IMG_5010-150x113.jpg 150w\" sizes=\"auto, (max-width: 400px) 100vw, 400px\" \/><button\n\t\t\tclass=\"lightbox-trigger\"\n\t\t\ttype=\"button\"\n\t\t\taria-haspopup=\"dialog\"\n\t\t\taria-label=\"Enlarge\"\n\t\t\tdata-wp-init=\"callbacks.initTriggerButton\"\n\t\t\tdata-wp-on--click=\"actions.showLightbox\"\n\t\t\tdata-wp-style--right=\"state.imageButtonRight\"\n\t\t\tdata-wp-style--top=\"state.imageButtonTop\"\n\t\t>\n\t\t\t<svg xmlns=\"http:\/\/www.w3.org\/2000\/svg\" width=\"12\" height=\"12\" fill=\"none\" viewBox=\"0 0 12 12\">\n\t\t\t\t<path fill=\"#fff\" d=\"M2 0a2 2 0 0 0-2 2v2h1.5V2a.5.5 0 0 1 .5-.5h2V0H2Zm2 10.5H2a.5.5 0 0 1-.5-.5V8H0v2a2 2 0 0 0 2 2h2v-1.5ZM8 12v-1.5h2a.5.5 0 0 0 .5-.5V8H12v2a2 2 0 0 1-2 2H8Zm2-12a2 2 0 0 1 2 2v2h-1.5V2a.5.5 0 0 0-.5-.5H8V0h2Z\" \/>\n\t\t\t<\/svg>\n\t\t<\/button><\/figure>\n<\/figure>\n\n\n\n<p>Radi analize dobre prakse i kori\u0161tenja u konceptu projekta RePlast 3D, \u010detvero sudionika\/ca projekta se uputilo studijeki posjet tvrtkama u Nizozemskoj. Tvrtka Reflow Filament je usmjerena na proizvodnju niza vrhunskih recikliranih materijala za odr\u017eivi 3D print. To podrazumijeva dosljedno nabavljanje kvalitetnih materijala, razvoj alata i procesa koji omogu\u0107uju ponovnu upotrebu; od otpada do vrijednog materijala za moderni dizajn. 4PET RECYCLING BV je vode\u0107a tvrtka za recikliranje PET-a \u010diji kapacitet prelazi 30.000 tona godi\u0161nje (oko 750 milijuna boca). Proizvodni kapacitet granula i flekica od plastike je 15.000 tona godi\u0161nje.<\/p>\n\n\n\n<p>&#8220;U\u010dinkovitost aktivnosti razvoja i upravljanja novim proizvodom ovisi o mnogo \u010demu. Istra\u017eivanja ukazuju na \u010dinjenicu da zna\u010dajan postotak novih proizvoda posljednjih desetlje\u0107a biva nedovoljno zapa\u017een na tr\u017ei\u0161tu, a njihova prodaja \u010desto financijski ne opravdava ulo\u017eena sredstva u njihov razvoj. Da danas tek petina novih proizvoda uspijeva ostvariti obujam prodaje dostatan za povrat ulaganja u razvoj i komercijalizaciju novoga proizvoda uz odre\u0111enu zaradu. Klju\u010dna je percepcija vrijednosti novoga proizvoda od strane kupaca. Kako plasirati na\u0161 budu\u0107i novi proizvod? Je li dovoljno to \u0161to je inovativan i ima dodanu vrijednost dru\u0161tveno odgovornog poslovanja? Pitanja su to kojima smo se bavili kroz projekt&#8221;, obrazlo\u017eio je prof.dr.sc. Neven \u0160eri\u0107 s Ekonomskog fakulteta u Splitu.<\/p>\n\n\n\n<p>&#8220;Usvojili smo teoriju mehani\u010dke oporabe plastike, odnosno sekundarnog recikliranja uporabljenih proizvoda radi dobivanja plastike (homogene ili heterogene) za ponovnu preradbu. Prednosti recikliranja plastike su u tome \u0161to proizvodi tre\u0107inu sumpor dioksida, oko 90% manje otpada i oko 2,5 puta manje uglji\u010dnog dioksida, a omogu\u0107ava produ\u017een \u201e\u017eivotni ciklus\u201d proizvoda, \u0161to je ekolo\u0161ki i ekonomski isplativo. Na\u0161 cilj, od plasti\u010dnog otpada do filamenta za 3D printere&#8221;, ka\u017ee prof.dr.sc. Mladen \u0160ercer sa Fakulteta strojarstva i brodogradnje u Zagrebu<\/p>\n\n\n\n<figure class=\"wp-block-gallery has-nested-images columns-3 wp-block-gallery-7 is-layout-flex wp-block-gallery-is-layout-flex\"><\/figure>\n\n\n\n<div style=\"height:60px\" aria-hidden=\"true\" class=\"wp-block-spacer\"><\/div>\n","protected":false},"excerpt":{"rendered":"<p>Projekt \u201eRePlast 3D\u201c Udruge VISOKI JABLANI i Centra UP2DATE iz Zagreba oja\u010dao je kapacitet partnerskih udruga da pokrenu dru\u0161tveno poduze\u0107e za sekundarno zbrinjavanje plasti\u010dnog otpada. Osposobljavanje za poslovno upravljanje, recikla\u017eu plastike i proizvodnju filamenta (punjenja) za 3D printere pro\u0161li su \u010dlanovi i korisnici partnerskih udruga &#8211; nezaposlene osobe s invaliditetom, \u017eene i mladi. Projektom smo [&hellip;]<\/p>\n","protected":false},"author":2,"featured_media":1466,"parent":231,"menu_order":0,"comment_status":"closed","ping_status":"closed","template":"","meta":{"footnotes":""},"class_list":["post-471","page","type-page","status-publish","has-post-thumbnail","hentry"],"_links":{"self":[{"href":"https:\/\/visoki-jablani.org\/hr\/wp-json\/wp\/v2\/pages\/471","targetHints":{"allow":["GET"]}}],"collection":[{"href":"https:\/\/visoki-jablani.org\/hr\/wp-json\/wp\/v2\/pages"}],"about":[{"href":"https:\/\/visoki-jablani.org\/hr\/wp-json\/wp\/v2\/types\/page"}],"author":[{"embeddable":true,"href":"https:\/\/visoki-jablani.org\/hr\/wp-json\/wp\/v2\/users\/2"}],"replies":[{"embeddable":true,"href":"https:\/\/visoki-jablani.org\/hr\/wp-json\/wp\/v2\/comments?post=471"}],"version-history":[{"count":22,"href":"https:\/\/visoki-jablani.org\/hr\/wp-json\/wp\/v2\/pages\/471\/revisions"}],"predecessor-version":[{"id":1390,"href":"https:\/\/visoki-jablani.org\/hr\/wp-json\/wp\/v2\/pages\/471\/revisions\/1390"}],"up":[{"embeddable":true,"href":"https:\/\/visoki-jablani.org\/hr\/wp-json\/wp\/v2\/pages\/231"}],"wp:featuredmedia":[{"embeddable":true,"href":"https:\/\/visoki-jablani.org\/hr\/wp-json\/wp\/v2\/media\/1466"}],"wp:attachment":[{"href":"https:\/\/visoki-jablani.org\/hr\/wp-json\/wp\/v2\/media?parent=471"}],"curies":[{"name":"wp","href":"https:\/\/api.w.org\/{rel}","templated":true}]}}