{"id":231,"date":"2025-01-29T16:49:45","date_gmt":"2025-01-29T16:49:45","guid":{"rendered":"https:\/\/visoki-jablani.org\/hr\/?page_id=231"},"modified":"2025-07-13T11:23:08","modified_gmt":"2025-07-13T11:23:08","slug":"projekti","status":"publish","type":"page","link":"https:\/\/visoki-jablani.org\/hr\/projekti\/","title":{"rendered":"Projekti"},"content":{"rendered":"\n<div class=\"wp-block-query alignwide is-layout-flow wp-block-query-is-layout-flow\">\n\n\n<div class=\"wp-block-group is-layout-flow wp-block-group-is-layout-flow\" style=\"margin-top:0;margin-bottom:0;padding-top:0;padding-right:0;padding-bottom:var(--wp--preset--spacing--50);padding-left:0\"><ul class=\"columns-3 alignfull wp-block-post-template is-layout-grid wp-container-core-post-template-is-layout-4764eb0f wp-block-post-template-is-layout-grid\"><li class=\"wp-block-post post-1067 page type-page status-publish has-post-thumbnail hentry\">\n<figure style=\"aspect-ratio:16\/9; padding-bottom:var(--wp--preset--spacing--20);margin-bottom:0;\" class=\"wp-block-post-featured-image\"><a href=\"https:\/\/visoki-jablani.org\/hr\/projekti\/projekt-sustavna-potpora-u-lokalnoj-zajednici-za-kvalitetan-put-ka-punoj-integraciji\/\" target=\"_self\"  ><img loading=\"lazy\" decoding=\"async\" width=\"600\" height=\"450\" src=\"https:\/\/visoki-jablani.org\/hr\/wp-content\/uploads\/2025\/07\/sustavna-potpora.jpg\" class=\"attachment-post-thumbnail size-post-thumbnail wp-post-image\" alt=\"Sustavna potpora u lokalnoj zajednici za kvalitetan put ka punoj integraciji\" style=\"width:100%;height:100%;object-fit:cover;\" srcset=\"https:\/\/visoki-jablani.org\/hr\/wp-content\/uploads\/2025\/07\/sustavna-potpora.jpg 600w, https:\/\/visoki-jablani.org\/hr\/wp-content\/uploads\/2025\/07\/sustavna-potpora-300x225.jpg 300w, https:\/\/visoki-jablani.org\/hr\/wp-content\/uploads\/2025\/07\/sustavna-potpora-150x113.jpg 150w\" sizes=\"auto, (max-width: 600px) 100vw, 600px\" \/><\/a><\/figure>\n\n\n<div class=\"wp-block-group is-vertical is-nowrap is-layout-flex wp-container-core-group-is-layout-97ba36a5 wp-block-group-is-layout-flex\" style=\"margin-top:var(--wp--preset--spacing--20);padding-top:0\"><h2 class=\"wp-block-post-title has-large-font-size wp-container-content-32e3a40d\"><a href=\"https:\/\/visoki-jablani.org\/hr\/projekti\/projekt-sustavna-potpora-u-lokalnoj-zajednici-za-kvalitetan-put-ka-punoj-integraciji\/\" target=\"_self\" >Sustavna potpora u lokalnoj zajednici za kvalitetan put ka punoj integraciji<\/a><\/h2>\n\n<div class=\"wp-block-post-excerpt has-text-color has-contrast-2-color has-small-font-size wp-container-content-32e3a40d\"><p class=\"wp-block-post-excerpt__excerpt\">U tre\u0107oj godini provedbe projekta (2025\/26.) nastavljamo s ja\u010danjem kapaciteta stru\u010dnjaka i odgojno-obrazovnih ustanova za rad s djecom s te\u0161ko\u0107ama u razvoju te osna\u017eivanjem obitelji djece s te\u0161ko\u0107ama kroz grupnu i individualnu podr\u0161ku. Nositelj projekta je Udruga &#8220;POSEBAN PRIJATELJ &#8220;Poseban prijatelj&#8221; iz Dubrovnika, a uz VISOKE JABLANE partneri su Grad Dubrovnik, Op\u0107ina Lovas, Dje\u010dji vrti\u0107i<\/p><p class=\"wp-block-post-excerpt__more-text\"><a class=\"wp-block-post-excerpt__more-link\" href=\"https:\/\/visoki-jablani.org\/hr\/projekti\/projekt-sustavna-potpora-u-lokalnoj-zajednici-za-kvalitetan-put-ka-punoj-integraciji\/\">Vi\u0161e o projektu<\/a><\/p><\/div>\n\n\n<div style=\"height:0px\" aria-hidden=\"true\" class=\"wp-block-spacer wp-container-content-32e3a40d\"><\/div>\n<\/div>\n\n<\/li><li class=\"wp-block-post post-986 page type-page status-publish has-post-thumbnail hentry\">\n<figure style=\"aspect-ratio:16\/9; padding-bottom:var(--wp--preset--spacing--20);margin-bottom:0;\" class=\"wp-block-post-featured-image\"><a href=\"https:\/\/visoki-jablani.org\/hr\/projekti\/brand-new-adriatic-partnerstvo-regija-iz-hrvatske-i-italije\/\" target=\"_self\"  ><img loading=\"lazy\" decoding=\"async\" width=\"720\" height=\"540\" src=\"https:\/\/visoki-jablani.org\/hr\/wp-content\/uploads\/2025\/06\/Rojcbna2.jpg\" class=\"attachment-post-thumbnail size-post-thumbnail wp-post-image\" alt=\"Brand New Adriatic &#8211; partnerstvo regija iz Hrvatske i Italije\" style=\"width:100%;height:100%;object-fit:cover;\" srcset=\"https:\/\/visoki-jablani.org\/hr\/wp-content\/uploads\/2025\/06\/Rojcbna2.jpg 720w, https:\/\/visoki-jablani.org\/hr\/wp-content\/uploads\/2025\/06\/Rojcbna2-300x225.jpg 300w, https:\/\/visoki-jablani.org\/hr\/wp-content\/uploads\/2025\/06\/Rojcbna2-150x113.jpg 150w\" sizes=\"auto, (max-width: 720px) 100vw, 720px\" \/><\/a><\/figure>\n\n\n<div class=\"wp-block-group is-vertical is-nowrap is-layout-flex wp-container-core-group-is-layout-97ba36a5 wp-block-group-is-layout-flex\" style=\"margin-top:var(--wp--preset--spacing--20);padding-top:0\"><h2 class=\"wp-block-post-title has-large-font-size wp-container-content-32e3a40d\"><a href=\"https:\/\/visoki-jablani.org\/hr\/projekti\/brand-new-adriatic-partnerstvo-regija-iz-hrvatske-i-italije\/\" target=\"_self\" >Brand New Adriatic &#8211; partnerstvo regija iz Hrvatske i Italije<\/a><\/h2>\n\n<div class=\"wp-block-post-excerpt has-text-color has-contrast-2-color has-small-font-size wp-container-content-32e3a40d\"><p class=\"wp-block-post-excerpt__excerpt\">Projekt Brand New Adriatic, vrijedan 248.236,00 eura, provodi se u partnerskim regijama Hrvatske i Italije \u2013 Istarskoj i Primorsko-goranskoj \u017eupaniji te regijama Molise i Abruzzo. Cilj mu je ja\u010danje kapaciteta jedinica lokalne samouprave, javnih ustanova, udruga i poduze\u0107a u prekograni\u010dnoj suradnji, s posebnim naglaskom na ruralna podru\u010dja i manje op\u0107ine. Tijekom projekta organizirane su edukacije<\/p><p class=\"wp-block-post-excerpt__more-text\"><a class=\"wp-block-post-excerpt__more-link\" href=\"https:\/\/visoki-jablani.org\/hr\/projekti\/brand-new-adriatic-partnerstvo-regija-iz-hrvatske-i-italije\/\">Vi\u0161e o projektu<\/a><\/p><\/div>\n\n\n<div style=\"height:0px\" aria-hidden=\"true\" class=\"wp-block-spacer wp-container-content-32e3a40d\"><\/div>\n<\/div>\n\n<\/li><li class=\"wp-block-post post-239 page type-page status-publish has-post-thumbnail hentry\">\n<figure style=\"aspect-ratio:16\/9; padding-bottom:var(--wp--preset--spacing--20);margin-bottom:0;\" class=\"wp-block-post-featured-image\"><a href=\"https:\/\/visoki-jablani.org\/hr\/projekti\/projekt-bas-smo-cool-tako-jednaki\/\" target=\"_self\"  ><img loading=\"lazy\" decoding=\"async\" width=\"719\" height=\"683\" src=\"https:\/\/visoki-jablani.org\/hr\/wp-content\/uploads\/2025\/07\/Bassmocool1.jpg\" class=\"attachment-post-thumbnail size-post-thumbnail wp-post-image\" alt=\"Ba\u0161 smo cool tako jednaki, a tako razli\u010diti\" style=\"width:100%;height:100%;object-fit:cover;\" srcset=\"https:\/\/visoki-jablani.org\/hr\/wp-content\/uploads\/2025\/07\/Bassmocool1.jpg 719w, https:\/\/visoki-jablani.org\/hr\/wp-content\/uploads\/2025\/07\/Bassmocool1-300x285.jpg 300w, https:\/\/visoki-jablani.org\/hr\/wp-content\/uploads\/2025\/07\/Bassmocool1-150x142.jpg 150w\" sizes=\"auto, (max-width: 719px) 100vw, 719px\" \/><\/a><\/figure>\n\n\n<div class=\"wp-block-group is-vertical is-nowrap is-layout-flex wp-container-core-group-is-layout-97ba36a5 wp-block-group-is-layout-flex\" style=\"margin-top:var(--wp--preset--spacing--20);padding-top:0\"><h2 class=\"wp-block-post-title has-large-font-size wp-container-content-32e3a40d\"><a href=\"https:\/\/visoki-jablani.org\/hr\/projekti\/projekt-bas-smo-cool-tako-jednaki\/\" target=\"_self\" >Ba\u0161 smo cool tako jednaki, a tako razli\u010diti<\/a><\/h2>\n\n<div class=\"wp-block-post-excerpt has-text-color has-contrast-2-color has-small-font-size wp-container-content-32e3a40d\"><p class=\"wp-block-post-excerpt__excerpt\">Godina 2025. jubilarna je deseta godina kontinuirane provedbe projekta &#8220;Ba\u0161 smo cool tako jednaki, a tako razli\u010diti&#8221;, u partnerstvu s udrugama \u201ePoseban prijatelj\u201c iz Dubrovnika, Centar UP2DATE iz Zagreba i ALTERNATIVA iz Pule te osnovnim \u0161kolama diljem Hrvatske. Op\u0107i cilj je doprinijeti unaprje\u0111enju odgoja i obrazovanja za osobni i socijalni razvoj, solidarnost, socijalnu uklju\u010denost i<\/p><p class=\"wp-block-post-excerpt__more-text\"><a class=\"wp-block-post-excerpt__more-link\" href=\"https:\/\/visoki-jablani.org\/hr\/projekti\/projekt-bas-smo-cool-tako-jednaki\/\">Vi\u0161e o projektu<\/a><\/p><\/div>\n\n\n<div style=\"height:0px\" aria-hidden=\"true\" class=\"wp-block-spacer wp-container-content-32e3a40d\"><\/div>\n<\/div>\n\n<\/li><li class=\"wp-block-post post-1115 page type-page status-publish has-post-thumbnail hentry\">\n<figure style=\"aspect-ratio:16\/9; padding-bottom:var(--wp--preset--spacing--20);margin-bottom:0;\" class=\"wp-block-post-featured-image\"><a href=\"https:\/\/visoki-jablani.org\/hr\/projekti\/kako-sijes-tako-ces-i-zeti\/\" target=\"_self\"  ><img loading=\"lazy\" decoding=\"async\" width=\"1080\" height=\"1057\" src=\"https:\/\/visoki-jablani.org\/hr\/wp-content\/uploads\/2025\/08\/480681975_596427110046623_6274010265466080977_n-1.jpg\" class=\"attachment-post-thumbnail size-post-thumbnail wp-post-image\" alt=\"Kako sije\u0161, tako \u0107e\u0161 i \u017eeti\" style=\"width:100%;height:100%;object-fit:cover;\" srcset=\"https:\/\/visoki-jablani.org\/hr\/wp-content\/uploads\/2025\/08\/480681975_596427110046623_6274010265466080977_n-1.jpg 1080w, https:\/\/visoki-jablani.org\/hr\/wp-content\/uploads\/2025\/08\/480681975_596427110046623_6274010265466080977_n-1-300x294.jpg 300w, https:\/\/visoki-jablani.org\/hr\/wp-content\/uploads\/2025\/08\/480681975_596427110046623_6274010265466080977_n-1-1024x1002.jpg 1024w, https:\/\/visoki-jablani.org\/hr\/wp-content\/uploads\/2025\/08\/480681975_596427110046623_6274010265466080977_n-1-150x147.jpg 150w, https:\/\/visoki-jablani.org\/hr\/wp-content\/uploads\/2025\/08\/480681975_596427110046623_6274010265466080977_n-1-768x752.jpg 768w\" sizes=\"auto, (max-width: 1080px) 100vw, 1080px\" \/><\/a><\/figure>\n\n\n<div class=\"wp-block-group is-vertical is-nowrap is-layout-flex wp-container-core-group-is-layout-97ba36a5 wp-block-group-is-layout-flex\" style=\"margin-top:var(--wp--preset--spacing--20);padding-top:0\"><h2 class=\"wp-block-post-title has-large-font-size wp-container-content-32e3a40d\"><a href=\"https:\/\/visoki-jablani.org\/hr\/projekti\/kako-sijes-tako-ces-i-zeti\/\" target=\"_self\" >Kako sije\u0161, tako \u0107e\u0161 i \u017eeti<\/a><\/h2>\n\n<div class=\"wp-block-post-excerpt has-text-color has-contrast-2-color has-small-font-size wp-container-content-32e3a40d\"><p class=\"wp-block-post-excerpt__excerpt\">Kroz projekt \u201eKako sije\u0161, tako \u0107e\u0161 i \u017eeti\u201c Udruga VISOKI JABLANI uklju\u010dila je 51 mladu osobu s podru\u010dja Vukovarsko-srijemske \u017eupanije (VS\u017d) u radionice i aktivnosti za unaprje\u0111enje kvalitete \u017eivota, kompetencija i mogu\u0107nosti mladih u ruralnim podru\u010djima s ciljem njihova zadr\u017eavanja u lokalnoj sredini. Projekt je trajao godinu dana i sadr\u017eavao je niz aktivnosti i radionica<\/p><p class=\"wp-block-post-excerpt__more-text\"><a class=\"wp-block-post-excerpt__more-link\" href=\"https:\/\/visoki-jablani.org\/hr\/projekti\/kako-sijes-tako-ces-i-zeti\/\">Vi\u0161e o projektu<\/a><\/p><\/div>\n\n\n<div style=\"height:0px\" aria-hidden=\"true\" class=\"wp-block-spacer wp-container-content-32e3a40d\"><\/div>\n<\/div>\n\n<\/li><li class=\"wp-block-post post-233 page type-page status-publish has-post-thumbnail hentry\">\n<figure style=\"aspect-ratio:16\/9; padding-bottom:var(--wp--preset--spacing--20);margin-bottom:0;\" class=\"wp-block-post-featured-image\"><a href=\"https:\/\/visoki-jablani.org\/hr\/projekti\/projekt-cor-lovas\/\" target=\"_self\"  ><img loading=\"lazy\" decoding=\"async\" width=\"1535\" height=\"1163\" src=\"https:\/\/visoki-jablani.org\/hr\/wp-content\/uploads\/2025\/08\/Web-slika_tim.jpg\" class=\"attachment-post-thumbnail size-post-thumbnail wp-post-image\" alt=\"COR Lovas\" style=\"width:100%;height:100%;object-fit:cover;\" srcset=\"https:\/\/visoki-jablani.org\/hr\/wp-content\/uploads\/2025\/08\/Web-slika_tim.jpg 1535w, https:\/\/visoki-jablani.org\/hr\/wp-content\/uploads\/2025\/08\/Web-slika_tim-300x227.jpg 300w, https:\/\/visoki-jablani.org\/hr\/wp-content\/uploads\/2025\/08\/Web-slika_tim-1024x776.jpg 1024w, https:\/\/visoki-jablani.org\/hr\/wp-content\/uploads\/2025\/08\/Web-slika_tim-150x114.jpg 150w, https:\/\/visoki-jablani.org\/hr\/wp-content\/uploads\/2025\/08\/Web-slika_tim-768x582.jpg 768w\" sizes=\"auto, (max-width: 1535px) 100vw, 1535px\" \/><\/a><\/figure>\n\n\n<div class=\"wp-block-group is-vertical is-nowrap is-layout-flex wp-container-core-group-is-layout-97ba36a5 wp-block-group-is-layout-flex\" style=\"margin-top:var(--wp--preset--spacing--20);padding-top:0\"><h2 class=\"wp-block-post-title has-large-font-size wp-container-content-32e3a40d\"><a href=\"https:\/\/visoki-jablani.org\/hr\/projekti\/projekt-cor-lovas\/\" target=\"_self\" >COR Lovas<\/a><\/h2>\n\n<div class=\"wp-block-post-excerpt has-text-color has-contrast-2-color has-small-font-size wp-container-content-32e3a40d\"><p class=\"wp-block-post-excerpt__excerpt\">Kroz javno-privatno partnerstvo i suradnju lokalnih OCD-a pokrenuli smo 2020. godine Dru\u0161tveni centar za odr\u017eivi razvoj lokalne zajednice, a 2023. uspje\u0161no zaklju\u010dili taj projekt, kojemu je cilj bio pomo\u0107i gospodarskom, dru\u0161tvenom i kulturnom razvoju op\u0107ine. U Centru smo od studenog 2021. provodili razli\u010dite programe za unaprje\u0111enje kvalitete \u017eivota, obrazovanja o gra\u0111anskim kompetencijama i dru\u0161tvenoj odgovornosti,<\/p><p class=\"wp-block-post-excerpt__more-text\"><a class=\"wp-block-post-excerpt__more-link\" href=\"https:\/\/visoki-jablani.org\/hr\/projekti\/projekt-cor-lovas\/\">Vi\u0161e o projektu<\/a><\/p><\/div>\n\n\n<div style=\"height:0px\" aria-hidden=\"true\" class=\"wp-block-spacer wp-container-content-32e3a40d\"><\/div>\n<\/div>\n\n<\/li><li class=\"wp-block-post post-471 page type-page status-publish has-post-thumbnail hentry\">\n<figure style=\"aspect-ratio:16\/9; padding-bottom:var(--wp--preset--spacing--20);margin-bottom:0;\" class=\"wp-block-post-featured-image\"><a href=\"https:\/\/visoki-jablani.org\/hr\/projekti\/replast-3d\/\" target=\"_self\"  ><img loading=\"lazy\" decoding=\"async\" width=\"1000\" height=\"750\" src=\"https:\/\/visoki-jablani.org\/hr\/wp-content\/uploads\/2025\/08\/20171026_111743.jpg\" class=\"attachment-post-thumbnail size-post-thumbnail wp-post-image\" alt=\"RePlast 3D\" style=\"width:100%;height:100%;object-fit:cover;\" srcset=\"https:\/\/visoki-jablani.org\/hr\/wp-content\/uploads\/2025\/08\/20171026_111743.jpg 1000w, https:\/\/visoki-jablani.org\/hr\/wp-content\/uploads\/2025\/08\/20171026_111743-300x225.jpg 300w, https:\/\/visoki-jablani.org\/hr\/wp-content\/uploads\/2025\/08\/20171026_111743-150x113.jpg 150w, https:\/\/visoki-jablani.org\/hr\/wp-content\/uploads\/2025\/08\/20171026_111743-768x576.jpg 768w\" sizes=\"auto, (max-width: 1000px) 100vw, 1000px\" \/><\/a><\/figure>\n\n\n<div class=\"wp-block-group is-vertical is-nowrap is-layout-flex wp-container-core-group-is-layout-97ba36a5 wp-block-group-is-layout-flex\" style=\"margin-top:var(--wp--preset--spacing--20);padding-top:0\"><h2 class=\"wp-block-post-title has-large-font-size wp-container-content-32e3a40d\"><a href=\"https:\/\/visoki-jablani.org\/hr\/projekti\/replast-3d\/\" target=\"_self\" >RePlast 3D<\/a><\/h2>\n\n<div class=\"wp-block-post-excerpt has-text-color has-contrast-2-color has-small-font-size wp-container-content-32e3a40d\"><p class=\"wp-block-post-excerpt__excerpt\">Projekt \u201eRePlast 3D\u201c Udruge VISOKI JABLANI i Centra UP2DATE iz Zagreba oja\u010dao je kapacitet partnerskih udruga da pokrenu dru\u0161tveno poduze\u0107e za sekundarno zbrinjavanje plasti\u010dnog otpada. Osposobljavanje za poslovno upravljanje, recikla\u017eu plastike i proizvodnju filamenta (punjenja) za 3D printere pro\u0161li su \u010dlanovi i korisnici partnerskih udruga &#8211; nezaposlene osobe s invaliditetom, \u017eene i mladi. Projektom smo<\/p><p class=\"wp-block-post-excerpt__more-text\"><a class=\"wp-block-post-excerpt__more-link\" href=\"https:\/\/visoki-jablani.org\/hr\/projekti\/replast-3d\/\">Vi\u0161e o projektu<\/a><\/p><\/div>\n\n\n<div style=\"height:0px\" aria-hidden=\"true\" class=\"wp-block-spacer wp-container-content-32e3a40d\"><\/div>\n<\/div>\n\n<\/li><li class=\"wp-block-post post-487 page type-page status-publish has-post-thumbnail hentry\">\n<figure style=\"aspect-ratio:16\/9; padding-bottom:var(--wp--preset--spacing--20);margin-bottom:0;\" class=\"wp-block-post-featured-image\"><a href=\"https:\/\/visoki-jablani.org\/hr\/projekti\/projekt-odgovorno-poslovanje-cisti-svijet\/\" target=\"_self\"  ><img loading=\"lazy\" decoding=\"async\" width=\"1024\" height=\"576\" src=\"https:\/\/visoki-jablani.org\/hr\/wp-content\/uploads\/2025\/08\/P1140585.jpg\" class=\"attachment-post-thumbnail size-post-thumbnail wp-post-image\" alt=\"Odgovorno poslovanje, \u010disti svijet\" style=\"width:100%;height:100%;object-fit:cover;\" srcset=\"https:\/\/visoki-jablani.org\/hr\/wp-content\/uploads\/2025\/08\/P1140585.jpg 1024w, https:\/\/visoki-jablani.org\/hr\/wp-content\/uploads\/2025\/08\/P1140585-300x169.jpg 300w, https:\/\/visoki-jablani.org\/hr\/wp-content\/uploads\/2025\/08\/P1140585-150x84.jpg 150w, https:\/\/visoki-jablani.org\/hr\/wp-content\/uploads\/2025\/08\/P1140585-768x432.jpg 768w\" sizes=\"auto, (max-width: 1024px) 100vw, 1024px\" \/><\/a><\/figure>\n\n\n<div class=\"wp-block-group is-vertical is-nowrap is-layout-flex wp-container-core-group-is-layout-97ba36a5 wp-block-group-is-layout-flex\" style=\"margin-top:var(--wp--preset--spacing--20);padding-top:0\"><h2 class=\"wp-block-post-title has-large-font-size wp-container-content-32e3a40d\"><a href=\"https:\/\/visoki-jablani.org\/hr\/projekti\/projekt-odgovorno-poslovanje-cisti-svijet\/\" target=\"_self\" >Odgovorno poslovanje, \u010disti svijet<\/a><\/h2>\n\n<div class=\"wp-block-post-excerpt has-text-color has-contrast-2-color has-small-font-size wp-container-content-32e3a40d\"><p class=\"wp-block-post-excerpt__excerpt\">Projekt \u201eOdgovorno poslovanje &#8211; \u010disti svijet!\u201c inovativni je model cirkularne ekonomije, socijalnog poduzetni\u0161tva i javno-privatnog partnerstva za odr\u017eivi dru\u0161tveni razvoj. Uspostavljen je mali pogon za recikla\u017eu hotelskih sapuna i dva radna centra koji educiraju osobe s invaliditetom o recikla\u017ei sapuna i plasiranju novih proizvoda na tr\u017ei\u0161te te istovremeno uklanjaju tone kemijskog otpada koje generira hotelijerski<\/p><p class=\"wp-block-post-excerpt__more-text\"><a class=\"wp-block-post-excerpt__more-link\" href=\"https:\/\/visoki-jablani.org\/hr\/projekti\/projekt-odgovorno-poslovanje-cisti-svijet\/\">Vi\u0161e o projektu<\/a><\/p><\/div>\n\n\n<div style=\"height:0px\" aria-hidden=\"true\" class=\"wp-block-spacer wp-container-content-32e3a40d\"><\/div>\n<\/div>\n\n<\/li><li class=\"wp-block-post post-474 page type-page status-publish has-post-thumbnail hentry\">\n<figure style=\"aspect-ratio:16\/9; padding-bottom:var(--wp--preset--spacing--20);margin-bottom:0;\" class=\"wp-block-post-featured-image\"><a href=\"https:\/\/visoki-jablani.org\/hr\/projekti\/projekt-drugo-lice-invalidnosti\/\" target=\"_self\"  ><img loading=\"lazy\" decoding=\"async\" width=\"640\" height=\"578\" src=\"https:\/\/visoki-jablani.org\/hr\/wp-content\/uploads\/2025\/03\/drugo-lice-invalidnosti2.jpg\" class=\"attachment-post-thumbnail size-post-thumbnail wp-post-image\" alt=\"Drugo lice invalidnosti\" style=\"width:100%;height:100%;object-fit:cover;\" srcset=\"https:\/\/visoki-jablani.org\/hr\/wp-content\/uploads\/2025\/03\/drugo-lice-invalidnosti2.jpg 640w, https:\/\/visoki-jablani.org\/hr\/wp-content\/uploads\/2025\/03\/drugo-lice-invalidnosti2-300x271.jpg 300w, https:\/\/visoki-jablani.org\/hr\/wp-content\/uploads\/2025\/03\/drugo-lice-invalidnosti2-150x135.jpg 150w\" sizes=\"auto, (max-width: 640px) 100vw, 640px\" \/><\/a><\/figure>\n\n\n<div class=\"wp-block-group is-vertical is-nowrap is-layout-flex wp-container-core-group-is-layout-97ba36a5 wp-block-group-is-layout-flex\" style=\"margin-top:var(--wp--preset--spacing--20);padding-top:0\"><h2 class=\"wp-block-post-title has-large-font-size wp-container-content-32e3a40d\"><a href=\"https:\/\/visoki-jablani.org\/hr\/projekti\/projekt-drugo-lice-invalidnosti\/\" target=\"_self\" >Drugo lice invalidnosti<\/a><\/h2>\n\n<div class=\"wp-block-post-excerpt has-text-color has-contrast-2-color has-small-font-size wp-container-content-32e3a40d\"><p class=\"wp-block-post-excerpt__excerpt\">U \u017eelji da promijenimo javnu percepciju o osobama s invaliditetom kao isklju\u010divo socijalnim i medicinskim slu\u010dajevima te da im omogu\u0107imo da se predstave \u0161iroj javnosti, a posebice poslodavcima, Mre\u017ea udruga osoba s invaliditetom Dalmacije i Udruga za rehabilitaciju i edukaciju VISOKI JABLANI provele su u periodu od 11.2.2014. do 10.2.2015. godine projekt &#8220;Drugo lice invalidnosti&#8221;.<\/p><p class=\"wp-block-post-excerpt__more-text\"><a class=\"wp-block-post-excerpt__more-link\" href=\"https:\/\/visoki-jablani.org\/hr\/projekti\/projekt-drugo-lice-invalidnosti\/\">Vi\u0161e o projektu<\/a><\/p><\/div>\n\n\n<div style=\"height:0px\" aria-hidden=\"true\" class=\"wp-block-spacer wp-container-content-32e3a40d\"><\/div>\n<\/div>\n\n<\/li><li class=\"wp-block-post post-482 page type-page status-publish has-post-thumbnail hentry\">\n<figure style=\"aspect-ratio:16\/9; padding-bottom:var(--wp--preset--spacing--20);margin-bottom:0;\" class=\"wp-block-post-featured-image\"><a href=\"https:\/\/visoki-jablani.org\/hr\/projekti\/mali-korak-za-covjeka-veliki-za-covjeculjka-2\/\" target=\"_self\"  ><img loading=\"lazy\" decoding=\"async\" width=\"960\" height=\"720\" src=\"https:\/\/visoki-jablani.org\/hr\/wp-content\/uploads\/2025\/04\/563240_139474099553408_217003112_n.jpg\" class=\"attachment-post-thumbnail size-post-thumbnail wp-post-image\" alt=\"Mali korak za \u010dovjeka, veliki za \u010dovje\u010duljka\" style=\"width:100%;height:100%;object-fit:cover;\" srcset=\"https:\/\/visoki-jablani.org\/hr\/wp-content\/uploads\/2025\/04\/563240_139474099553408_217003112_n.jpg 960w, https:\/\/visoki-jablani.org\/hr\/wp-content\/uploads\/2025\/04\/563240_139474099553408_217003112_n-300x225.jpg 300w, https:\/\/visoki-jablani.org\/hr\/wp-content\/uploads\/2025\/04\/563240_139474099553408_217003112_n-150x113.jpg 150w, https:\/\/visoki-jablani.org\/hr\/wp-content\/uploads\/2025\/04\/563240_139474099553408_217003112_n-768x576.jpg 768w\" sizes=\"auto, (max-width: 960px) 100vw, 960px\" \/><\/a><\/figure>\n\n\n<div class=\"wp-block-group is-vertical is-nowrap is-layout-flex wp-container-core-group-is-layout-97ba36a5 wp-block-group-is-layout-flex\" style=\"margin-top:var(--wp--preset--spacing--20);padding-top:0\"><h2 class=\"wp-block-post-title has-large-font-size wp-container-content-32e3a40d\"><a href=\"https:\/\/visoki-jablani.org\/hr\/projekti\/mali-korak-za-covjeka-veliki-za-covjeculjka-2\/\" target=\"_self\" >Mali korak za \u010dovjeka, veliki za \u010dovje\u010duljka<\/a><\/h2>\n\n<div class=\"wp-block-post-excerpt has-text-color has-contrast-2-color has-small-font-size wp-container-content-32e3a40d\"><p class=\"wp-block-post-excerpt__excerpt\">Mobilizirali smo mje\u0161tane Rovinjskog Sela na radnu akciju ure\u0111enja devastiranog mjesnog dje\u010djeg igrali\u0161ta, potaknuli dru\u017eenje i raspravu o klju\u010dnim nedostacima i problemima u zajednici te o potrebnim investicijama, mogu\u0107im rje\u0161enjima i unapre\u0111enju razvoja lokalne zajednice. U radnoj akciji je sudjelovalo 30-tak volontera\/ki &#8211; od 4 do 74 godine starosti. Uru\u010dili smo lokalnim vlastima &#8220;Listu potreba<\/p><p class=\"wp-block-post-excerpt__more-text\"><a class=\"wp-block-post-excerpt__more-link\" href=\"https:\/\/visoki-jablani.org\/hr\/projekti\/mali-korak-za-covjeka-veliki-za-covjeculjka-2\/\">Vi\u0161e o projektu<\/a><\/p><\/div>\n\n\n<div style=\"height:0px\" aria-hidden=\"true\" class=\"wp-block-spacer wp-container-content-32e3a40d\"><\/div>\n<\/div>\n\n<\/li><\/ul>\n\n\n<div style=\"margin-top:0;margin-bottom:0;height:var(--wp--preset--spacing--40)\" aria-hidden=\"true\" class=\"wp-block-spacer\"><\/div>\n\n\n<\/div>\n<\/div>\n\n\n\n<p><\/p>\n","protected":false},"excerpt":{"rendered":"","protected":false},"author":1,"featured_media":0,"parent":0,"menu_order":0,"comment_status":"closed","ping_status":"closed","template":"","meta":{"footnotes":""},"class_list":["post-231","page","type-page","status-publish","hentry"],"_links":{"self":[{"href":"https:\/\/visoki-jablani.org\/hr\/wp-json\/wp\/v2\/pages\/231","targetHints":{"allow":["GET"]}}],"collection":[{"href":"https:\/\/visoki-jablani.org\/hr\/wp-json\/wp\/v2\/pages"}],"about":[{"href":"https:\/\/visoki-jablani.org\/hr\/wp-json\/wp\/v2\/types\/page"}],"author":[{"embeddable":true,"href":"https:\/\/visoki-jablani.org\/hr\/wp-json\/wp\/v2\/users\/1"}],"replies":[{"embeddable":true,"href":"https:\/\/visoki-jablani.org\/hr\/wp-json\/wp\/v2\/comments?post=231"}],"version-history":[{"count":11,"href":"https:\/\/visoki-jablani.org\/hr\/wp-json\/wp\/v2\/pages\/231\/revisions"}],"predecessor-version":[{"id":1457,"href":"https:\/\/visoki-jablani.org\/hr\/wp-json\/wp\/v2\/pages\/231\/revisions\/1457"}],"wp:attachment":[{"href":"https:\/\/visoki-jablani.org\/hr\/wp-json\/wp\/v2\/media?parent=231"}],"curies":[{"name":"wp","href":"https:\/\/api.w.org\/{rel}","templated":true}]}}