{"id":20,"date":"2024-10-29T21:58:11","date_gmt":"2024-10-29T21:58:11","guid":{"rendered":"https:\/\/visoki-jablani.org\/hr\/?page_id=20"},"modified":"2025-09-30T11:40:07","modified_gmt":"2025-09-30T11:40:07","slug":"o-nama","status":"publish","type":"page","link":"https:\/\/visoki-jablani.org\/hr\/o-nama\/","title":{"rendered":"O nama"},"content":{"rendered":"\n<div class=\"wp-block-group alignfull has-accent-background-color has-background has-global-padding is-layout-constrained wp-block-group-is-layout-constrained\" style=\"margin-top:0;margin-bottom:0;padding-top:var(--wp--preset--spacing--50);padding-bottom:var(--wp--preset--spacing--50)\">\n<div class=\"wp-block-columns alignwide is-layout-flex wp-container-core-columns-is-layout-28f84493 wp-block-columns-is-layout-flex\">\n<div class=\"wp-block-column is-layout-flow wp-block-column-is-layout-flow\" style=\"flex-basis:100%\">\n<p class=\"has-medium-font-size\"><\/p>\n\n\n\n<figure class=\"wp-block-image aligncenter size-full\"><img loading=\"lazy\" decoding=\"async\" width=\"1443\" height=\"824\" src=\"https:\/\/visoki-jablani.org\/hr\/wp-content\/uploads\/2025\/08\/Web-slika_tim-1.jpg\" alt=\"\" class=\"wp-image-1445\" srcset=\"https:\/\/visoki-jablani.org\/hr\/wp-content\/uploads\/2025\/08\/Web-slika_tim-1.jpg 1443w, https:\/\/visoki-jablani.org\/hr\/wp-content\/uploads\/2025\/08\/Web-slika_tim-1-300x171.jpg 300w, https:\/\/visoki-jablani.org\/hr\/wp-content\/uploads\/2025\/08\/Web-slika_tim-1-1024x585.jpg 1024w, https:\/\/visoki-jablani.org\/hr\/wp-content\/uploads\/2025\/08\/Web-slika_tim-1-150x86.jpg 150w, https:\/\/visoki-jablani.org\/hr\/wp-content\/uploads\/2025\/08\/Web-slika_tim-1-768x439.jpg 768w\" sizes=\"auto, (max-width: 1443px) 100vw, 1443px\" \/><\/figure>\n\n\n\n<p><\/p>\n\n\n\n<p class=\"is-style-text-columns is-style-default has-heading-font-family\" style=\"font-size:clamp(0.984rem, 0.984rem + ((1vw - 0.2rem) * 0.86), 1.5rem);\">Udruga za rehabilitaciju i edukaciju VISOKI JABLANI je samostalna, dobrovoljna, nestrana\u010dka i neprofitna organizacija usmjerena ka stvaranju socijalno osjetljivog, osvije\u0161tenog i tolerantnog dru\u0161tva jednakih mogu\u0107nosti za sve ljude.<br><\/p>\n\n\n\n<p class=\"is-style-text-columns is-style-two-columns has-medium-font-size\">Udruga broji 30 \u010dlanova i \u010dlanica: entuzijasta i filantropa, ujedno osoba s invaliditetom, roditelja djece s te\u0161ko\u0107ama u razvoju te stru\u010dnjaka razli\u010ditih profila koji su odlu\u010dili udru\u017eiti snage kako bi dali svoj doprinos dru\u0161tvenom razvoju, za\u0161titi ljudskih prava i kreiranju tolerantnog i demokratskog dru\u0161tva jednakih mogu\u0107nosti za sve gra\u0111ane i gra\u0111anke Republike Hrvatske.<br>Misija je unapre\u0111enje kvalitete \u017eivota te stvaranje uvjeta za osna\u017eivanje, rast i razvoj prvenstveno socijalno osjetljivih dru\u0161tvenih skupina, ali i \u0161ire zajednice, kroz zajedni\u010dko djelovanje s drugim organizacijama civilnog dru\u0161tva, javnim i gospodarskim sektorom.<\/p>\n\n\n\n<div style=\"height:61px\" aria-hidden=\"true\" class=\"wp-block-spacer\"><\/div>\n\n\n\n<p class=\"has-medium-font-size\"><\/p>\n\n\n\n<h2 class=\"wp-block-heading has-text-align-center has-large-font-size\">Skup\u0161tina Udruge<\/h2>\n<\/div>\n<\/div>\n\n\n\n<figure class=\"wp-block-image aligncenter size-full is-style-rounded is-style-rounded--1\"><img loading=\"lazy\" decoding=\"async\" width=\"605\" height=\"276\" src=\"https:\/\/visoki-jablani.org\/hr\/wp-content\/uploads\/2025\/09\/Picture1-1.png\" alt=\"\" class=\"wp-image-1570\" srcset=\"https:\/\/visoki-jablani.org\/hr\/wp-content\/uploads\/2025\/09\/Picture1-1.png 605w, https:\/\/visoki-jablani.org\/hr\/wp-content\/uploads\/2025\/09\/Picture1-1-300x137.png 300w, https:\/\/visoki-jablani.org\/hr\/wp-content\/uploads\/2025\/09\/Picture1-1-150x68.png 150w\" sizes=\"auto, (max-width: 605px) 100vw, 605px\" \/><\/figure>\n\n\n\n<div style=\"height:56px\" aria-hidden=\"true\" class=\"wp-block-spacer\"><\/div>\n\n\n\n<h2 class=\"wp-block-heading has-text-align-center is-style-default has-large-font-size\" style=\"margin-top:var(--wp--preset--spacing--30);margin-bottom:var(--wp--preset--spacing--30)\">Ciljevi Udruge su:<\/h2>\n\n\n\n<div class=\"wp-block-columns is-layout-flex wp-container-core-columns-is-layout-28f84493 wp-block-columns-is-layout-flex\">\n<div class=\"wp-block-column is-layout-flow wp-block-column-is-layout-flow\" style=\"flex-basis:100%\">\n<ul class=\"wp-block-list is-style-checkmark-list\">\n<li>Osna\u017eivanje i socijalno uklju\u010divanje osjetljivih i marginaliziranih dru\u0161tvenih skupina kao \u0161to su: osobe koje su do\u017eivjele bilo koji oblik fizi\u010dke i\/ili psiholo\u0161ke traume, osobe s invaliditetom, osobe stradale od mina, osobe oboljele od te\u0161kih i rijetkih bolesti, \u017ertve obiteljskog, seksualnog, uli\u010dnog i drugih vrsta nasilja, ovisnici\/ce, posebno djeca i mladi te osobe starije \u017eivotne dobi, kao i obitelji i zajednice koje ih okru\u017euju.<\/li>\n\n\n\n<li>Promicanje ravnopravnosti svih osoba, a posebice rodne ravnopravnosti, kroz javno zagovaranje, osna\u017eivanje, edukaciju i za\u0161titu temeljnih ljudskih prava, te posebice \u017eenskih ljudskih prava.<\/li>\n\n\n\n<li>Promicanje temeljnih dru\u0161tvenih vrijednosti: slobode, jednakosti, ravnopravnosti, tolerancije i su\u017eivota, mirotvorstva, socijalne pravde, po\u0161tivanja temeljnih ljudskih prava, o\u010duvanja prirode i okoli\u0161a te vladavine prava.<\/li>\n\n\n\n<li>Promicanje i poticanje razvoja civilnog dru\u0161tva, njegove suradnje s javnim i privatnim sektorom, sudjelovanje u procesima dono\u0161enja odluka i kreiranju javnih politika, poticanje javnih rasprava i provedba projekata ja\u010danja civilnog dru\u0161tva.<\/li>\n\n\n\n<li>Razvoj doma\u0107e i me\u0111unarodne suradnje s ciljem razmjene iskustava, realizacije zajedni\u010dkih projekata, upoznavanja doma\u0107e i me\u0111unarodne javnosti s problematikom kojom se Udruga bavi.<\/li>\n\n\n\n<li>Promicanje, poticanje i zagovaranje cjelovitog odr\u017eivog razvoja lokalnih zajednica u kojima Udruga djeluje, posebno manje razvijenih lokalnih zajednica.<\/li>\n\n\n\n<li>Promicanje i poticanje o\u010duvanja i revitalizacije kulturne, povijesne i prirodne ba\u0161tine te ekonomskog, dru\u0161tvenog i kulturnog razvoja lokalnih zajednica, s ciljem njihove demografske i gospodarske revitalizacije.<\/li>\n\n\n\n<li>Razvoj projekata u podru\u010dju o\u010duvanja i revitalizacije kulturne i prirodne ba\u0161tine, promicanja nezavisne kulture i umjetnosti te unaprje\u0111enja kvalitete kulturnog \u017eivota stanovni\u0161tva u lokalnim zajednicama u kojima Udruga djeluje.<\/li>\n\n\n\n<li>Ja\u010danje kapaciteta lokalnih OCD-a za pru\u017eanje javnih usluga, organiziranje dru\u0161tvenog i kulturnog \u017eivota i razvoja dijaloga izme\u0111u gra\u0111ana, lokalne vlasti i drugih dionika za upravljanje lokalnim razvojnim resursima.<\/li>\n\n\n\n<li>Ja\u010danje gra\u0111anskih kompetencija i dru\u0161tvene odgovornosti stanovni\u0161tva u zajednicama u kojima Udruga djeluje, te podizanje razine javne svijesti o zajedni\u010dkoj kolektivnoj i individualnoj odgovornosti u borbi protiv siroma\u0161tva i socijalne isklju\u010denosti.<\/li>\n\n\n\n<li>Ja\u010danje samo-odr\u017eivosti Udruge kroz diversifikaciju gospodarskih djelatnosti i socijalno poduzetni\u0161tvo.<\/li>\n<\/ul>\n\n\n\n<p>Radi ostvarivanja svojih ciljeva, Udruga sura\u0111uje s predstavnicima\/ama civilnog dru\u0161tva neovisno o rasi, boji ko\u017ee, spolu, spolnom opredjeljenju, dobi, jeziku, vjeri, politi\u010dkom ili drugom uvjerenju, nacionalnom ili socijalnom podrijetlu, naobrazbi, dru\u0161tvenom polo\u017eaju ili drugim osobinama, kao i sa doma\u0107im i stranim, nevladinim, vladinim, javnim i privatnim organizacijama i institucijama.<\/p>\n<\/div>\n<\/div>\n\n\n\n<figure class=\"wp-block-image size-large\"><img loading=\"lazy\" decoding=\"async\" width=\"1024\" height=\"576\" src=\"https:\/\/visoki-jablani.org\/hr\/wp-content\/uploads\/2025\/08\/IMG_20180725_130624-1024x576.jpg\" alt=\"\" class=\"wp-image-1453\" srcset=\"https:\/\/visoki-jablani.org\/hr\/wp-content\/uploads\/2025\/08\/IMG_20180725_130624-1024x576.jpg 1024w, https:\/\/visoki-jablani.org\/hr\/wp-content\/uploads\/2025\/08\/IMG_20180725_130624-300x169.jpg 300w, https:\/\/visoki-jablani.org\/hr\/wp-content\/uploads\/2025\/08\/IMG_20180725_130624-150x84.jpg 150w, https:\/\/visoki-jablani.org\/hr\/wp-content\/uploads\/2025\/08\/IMG_20180725_130624-768x432.jpg 768w, https:\/\/visoki-jablani.org\/hr\/wp-content\/uploads\/2025\/08\/IMG_20180725_130624.jpg 1163w\" sizes=\"auto, (max-width: 1024px) 100vw, 1024px\" \/><\/figure>\n<\/div>\n\n\n\n<p><\/p>\n","protected":false},"excerpt":{"rendered":"<p>Udruga za rehabilitaciju i edukaciju VISOKI JABLANI je samostalna, dobrovoljna, nestrana\u010dka i neprofitna organizacija usmjerena ka stvaranju socijalno osjetljivog, osvije\u0161tenog i tolerantnog dru\u0161tva jednakih mogu\u0107nosti za sve ljude. Udruga broji 30 \u010dlanova i \u010dlanica: entuzijasta i filantropa, ujedno osoba s invaliditetom, roditelja djece s te\u0161ko\u0107ama u razvoju te stru\u010dnjaka razli\u010ditih profila koji su odlu\u010dili udru\u017eiti [&hellip;]<\/p>\n","protected":false},"author":1,"featured_media":0,"parent":0,"menu_order":0,"comment_status":"closed","ping_status":"closed","template":"","meta":{"footnotes":""},"class_list":["post-20","page","type-page","status-publish","hentry"],"_links":{"self":[{"href":"https:\/\/visoki-jablani.org\/hr\/wp-json\/wp\/v2\/pages\/20","targetHints":{"allow":["GET"]}}],"collection":[{"href":"https:\/\/visoki-jablani.org\/hr\/wp-json\/wp\/v2\/pages"}],"about":[{"href":"https:\/\/visoki-jablani.org\/hr\/wp-json\/wp\/v2\/types\/page"}],"author":[{"embeddable":true,"href":"https:\/\/visoki-jablani.org\/hr\/wp-json\/wp\/v2\/users\/1"}],"replies":[{"embeddable":true,"href":"https:\/\/visoki-jablani.org\/hr\/wp-json\/wp\/v2\/comments?post=20"}],"version-history":[{"count":115,"href":"https:\/\/visoki-jablani.org\/hr\/wp-json\/wp\/v2\/pages\/20\/revisions"}],"predecessor-version":[{"id":1576,"href":"https:\/\/visoki-jablani.org\/hr\/wp-json\/wp\/v2\/pages\/20\/revisions\/1576"}],"wp:attachment":[{"href":"https:\/\/visoki-jablani.org\/hr\/wp-json\/wp\/v2\/media?parent=20"}],"curies":[{"name":"wp","href":"https:\/\/api.w.org\/{rel}","templated":true}]}}