{"id":1756,"date":"2026-03-13T12:26:11","date_gmt":"2026-03-13T12:26:11","guid":{"rendered":"https:\/\/visoki-jablani.org\/hr\/?page_id=1756"},"modified":"2026-03-13T12:28:26","modified_gmt":"2026-03-13T12:28:26","slug":"uskoro-objavljujemo-novu-slikovnicu","status":"publish","type":"page","link":"https:\/\/visoki-jablani.org\/hr\/biblioteka-visoki-jablani\/uskoro-objavljujemo-novu-slikovnicu\/","title":{"rendered":"Uskoro objavljujemo novu slikovnicu!"},"content":{"rendered":"\n<p>Udruga VISOKI JABLANI objavljuje slikovnicu-stihopri\u010du za djecu &#8220;Dje\u010dak koji nije \u010duo&#8221; autora Kristijana Modru\u0161ana.<\/p>\n\n\n\n<p>Ova stihopri\u010da nastala je prvo kao kami\u0161ibaj pri\u010da za djecu, a kako se razvijala postala je spoj teksta, ilustracija, videa i glazbe, i uz prijevod na hrvatski znakovni jezik.<\/p>\n\n\n\n<p>Kristijan Modru\u0161an (Pula 1984.), koji je ve\u0107 izdao i zbirku pjesama &#8220;Leptirov let&#8221;, inspiraciju za ovu pri\u010du o dje\u010daku Kyuu je dobio iz vlastitog iskustva nagluhosti. Kroz svoje stihove on govori o odrastanju u \u010duju\u0107em svijetu. Ovom stihopri\u010dom \u017eelio je pokazati da se osoba mo\u017ee povezati sa vr\u0161njacima i svijetom oko sebe bez obzira na slu\u0161ne i komunikacijske pote\u0161ko\u0107e.<\/p>\n\n\n\n<p>Tople i bogate ilustracije za pri\u010du izradila je Petra Pletikos (Pula 1989.), \u010dlanica Hrvatskog udru\u017eenja interdisciplinarnih umjetnika. Urednica izdanja je Mihaela Jovi\u0107-Kare\u0161in, voditeljica udruge VISOKI JABLANI.<\/p>\n\n\n\n<p>Priprema i tiskanje slikovnice sufinancirani su kroz projekt &#8220;Ba\u0161 smo cool tako jednaki, a tako razli\u010diti&#8221; sredstvima Ministarstva rada, mirovinskog sustava, obitelji i socijalne politike te Zaklade Hrvatska za djecu.<\/p>\n","protected":false},"excerpt":{"rendered":"<p>Udruga VISOKI JABLANI objavljuje slikovnicu-stihopri\u010du za djecu &#8220;Dje\u010dak koji nije \u010duo&#8221; autora Kristijana Modru\u0161ana. Ova stihopri\u010da nastala je prvo kao kami\u0161ibaj pri\u010da za djecu, a kako se razvijala postala je spoj teksta, ilustracija, videa i glazbe, i uz prijevod na hrvatski znakovni jezik. Kristijan Modru\u0161an (Pula 1984.), koji je ve\u0107 izdao i zbirku pjesama &#8220;Leptirov [&hellip;]<\/p>\n","protected":false},"author":2,"featured_media":1759,"parent":509,"menu_order":0,"comment_status":"closed","ping_status":"closed","template":"","meta":{"footnotes":""},"class_list":["post-1756","page","type-page","status-publish","has-post-thumbnail","hentry"],"_links":{"self":[{"href":"https:\/\/visoki-jablani.org\/hr\/wp-json\/wp\/v2\/pages\/1756","targetHints":{"allow":["GET"]}}],"collection":[{"href":"https:\/\/visoki-jablani.org\/hr\/wp-json\/wp\/v2\/pages"}],"about":[{"href":"https:\/\/visoki-jablani.org\/hr\/wp-json\/wp\/v2\/types\/page"}],"author":[{"embeddable":true,"href":"https:\/\/visoki-jablani.org\/hr\/wp-json\/wp\/v2\/users\/2"}],"replies":[{"embeddable":true,"href":"https:\/\/visoki-jablani.org\/hr\/wp-json\/wp\/v2\/comments?post=1756"}],"version-history":[{"count":1,"href":"https:\/\/visoki-jablani.org\/hr\/wp-json\/wp\/v2\/pages\/1756\/revisions"}],"predecessor-version":[{"id":1758,"href":"https:\/\/visoki-jablani.org\/hr\/wp-json\/wp\/v2\/pages\/1756\/revisions\/1758"}],"up":[{"embeddable":true,"href":"https:\/\/visoki-jablani.org\/hr\/wp-json\/wp\/v2\/pages\/509"}],"wp:featuredmedia":[{"embeddable":true,"href":"https:\/\/visoki-jablani.org\/hr\/wp-json\/wp\/v2\/media\/1759"}],"wp:attachment":[{"href":"https:\/\/visoki-jablani.org\/hr\/wp-json\/wp\/v2\/media?parent=1756"}],"curies":[{"name":"wp","href":"https:\/\/api.w.org\/{rel}","templated":true}]}}