{"id":1067,"date":"2025-07-02T11:28:32","date_gmt":"2025-07-02T11:28:32","guid":{"rendered":"https:\/\/visoki-jablani.org\/hr\/?page_id=1067"},"modified":"2025-08-20T12:53:57","modified_gmt":"2025-08-20T12:53:57","slug":"projekt-sustavna-potpora-u-lokalnoj-zajednici-za-kvalitetan-put-ka-punoj-integraciji","status":"publish","type":"page","link":"https:\/\/visoki-jablani.org\/hr\/projekti\/projekt-sustavna-potpora-u-lokalnoj-zajednici-za-kvalitetan-put-ka-punoj-integraciji\/","title":{"rendered":"Sustavna potpora u lokalnoj zajednici za kvalitetan put ka punoj integraciji"},"content":{"rendered":"\n<p><\/p>\n\n\n\n<p>U tre\u0107oj godini provedbe projekta (2025\/26.) nastavljamo s ja\u010danjem kapaciteta stru\u010dnjaka i odgojno-obrazovnih ustanova za rad s djecom s te\u0161ko\u0107ama u razvoju te osna\u017eivanjem obitelji djece s te\u0161ko\u0107ama kroz grupnu i individualnu podr\u0161ku. Nositelj projekta je Udruga &#8220;POSEBAN PRIJATELJ &#8220;Poseban prijatelj&#8221; iz Dubrovnika, a uz VISOKE JABLANE partneri  su Grad Dubrovnik, Op\u0107ina Lovas, Dje\u010dji vrti\u0107i Dubrovnik i P\u010delica, O\u0160 Marin Dr\u017ei\u0107, O\u0160 Lovas te zavodi za socijalni rad iz Dubrovnika i Vinkovaca. U planu je \u0161irenje aktivnosti i na druge \u017eupanije.<\/p>\n\n\n\n<figure class=\"wp-block-gallery aligncenter has-nested-images columns-2 is-cropped wp-block-gallery-2 is-layout-flex wp-block-gallery-is-layout-flex\">\n<figure data-wp-context=\"{&quot;imageId&quot;:&quot;6a0452cbaf0e1&quot;}\" data-wp-interactive=\"core\/image\" data-wp-key=\"6a0452cbaf0e1\" class=\"wp-block-image size-full has-custom-border is-style-default wp-lightbox-container\"><img loading=\"lazy\" decoding=\"async\" width=\"600\" height=\"450\" data-wp-class--hide=\"state.isContentHidden\" data-wp-class--show=\"state.isContentVisible\" data-wp-init=\"callbacks.setButtonStyles\" data-wp-on--click=\"actions.showLightbox\" data-wp-on--load=\"callbacks.setButtonStyles\" data-wp-on-window--resize=\"callbacks.setButtonStyles\" data-id=\"1364\" src=\"https:\/\/visoki-jablani.org\/hr\/wp-content\/uploads\/2025\/07\/Sustavna-potpora2-2.jpg\" alt=\"\" class=\"wp-image-1364\" style=\"border-radius:5px\" srcset=\"https:\/\/visoki-jablani.org\/hr\/wp-content\/uploads\/2025\/07\/Sustavna-potpora2-2.jpg 600w, https:\/\/visoki-jablani.org\/hr\/wp-content\/uploads\/2025\/07\/Sustavna-potpora2-2-300x225.jpg 300w, https:\/\/visoki-jablani.org\/hr\/wp-content\/uploads\/2025\/07\/Sustavna-potpora2-2-150x113.jpg 150w\" sizes=\"auto, (max-width: 600px) 100vw, 600px\" \/><button\n\t\t\tclass=\"lightbox-trigger\"\n\t\t\ttype=\"button\"\n\t\t\taria-haspopup=\"dialog\"\n\t\t\taria-label=\"Enlarge\"\n\t\t\tdata-wp-init=\"callbacks.initTriggerButton\"\n\t\t\tdata-wp-on--click=\"actions.showLightbox\"\n\t\t\tdata-wp-style--right=\"state.imageButtonRight\"\n\t\t\tdata-wp-style--top=\"state.imageButtonTop\"\n\t\t>\n\t\t\t<svg xmlns=\"http:\/\/www.w3.org\/2000\/svg\" width=\"12\" height=\"12\" fill=\"none\" viewBox=\"0 0 12 12\">\n\t\t\t\t<path fill=\"#fff\" d=\"M2 0a2 2 0 0 0-2 2v2h1.5V2a.5.5 0 0 1 .5-.5h2V0H2Zm2 10.5H2a.5.5 0 0 1-.5-.5V8H0v2a2 2 0 0 0 2 2h2v-1.5ZM8 12v-1.5h2a.5.5 0 0 0 .5-.5V8H12v2a2 2 0 0 1-2 2H8Zm2-12a2 2 0 0 1 2 2v2h-1.5V2a.5.5 0 0 0-.5-.5H8V0h2Z\" \/>\n\t\t\t<\/svg>\n\t\t<\/button><\/figure>\n\n\n\n<figure data-wp-context=\"{&quot;imageId&quot;:&quot;6a0452cbaf8d3&quot;}\" data-wp-interactive=\"core\/image\" data-wp-key=\"6a0452cbaf8d3\" class=\"wp-block-image size-large has-custom-border is-style-rounded is-style-rounded--1 wp-lightbox-container\"><img loading=\"lazy\" decoding=\"async\" width=\"1024\" height=\"768\" data-wp-class--hide=\"state.isContentHidden\" data-wp-class--show=\"state.isContentVisible\" data-wp-init=\"callbacks.setButtonStyles\" data-wp-on--click=\"actions.showLightbox\" data-wp-on--load=\"callbacks.setButtonStyles\" data-wp-on-window--resize=\"callbacks.setButtonStyles\" data-id=\"1365\" src=\"https:\/\/visoki-jablani.org\/hr\/wp-content\/uploads\/2025\/07\/Sustavna1-1024x768.jpg\" alt=\"\" class=\"wp-image-1365\" style=\"border-radius:5px\" srcset=\"https:\/\/visoki-jablani.org\/hr\/wp-content\/uploads\/2025\/07\/Sustavna1-1024x768.jpg 1024w, https:\/\/visoki-jablani.org\/hr\/wp-content\/uploads\/2025\/07\/Sustavna1-300x225.jpg 300w, https:\/\/visoki-jablani.org\/hr\/wp-content\/uploads\/2025\/07\/Sustavna1-150x113.jpg 150w, https:\/\/visoki-jablani.org\/hr\/wp-content\/uploads\/2025\/07\/Sustavna1-768x576.jpg 768w, https:\/\/visoki-jablani.org\/hr\/wp-content\/uploads\/2025\/07\/Sustavna1.jpg 1200w\" sizes=\"auto, (max-width: 1024px) 100vw, 1024px\" \/><button\n\t\t\tclass=\"lightbox-trigger\"\n\t\t\ttype=\"button\"\n\t\t\taria-haspopup=\"dialog\"\n\t\t\taria-label=\"Enlarge\"\n\t\t\tdata-wp-init=\"callbacks.initTriggerButton\"\n\t\t\tdata-wp-on--click=\"actions.showLightbox\"\n\t\t\tdata-wp-style--right=\"state.imageButtonRight\"\n\t\t\tdata-wp-style--top=\"state.imageButtonTop\"\n\t\t>\n\t\t\t<svg xmlns=\"http:\/\/www.w3.org\/2000\/svg\" width=\"12\" height=\"12\" fill=\"none\" viewBox=\"0 0 12 12\">\n\t\t\t\t<path fill=\"#fff\" d=\"M2 0a2 2 0 0 0-2 2v2h1.5V2a.5.5 0 0 1 .5-.5h2V0H2Zm2 10.5H2a.5.5 0 0 1-.5-.5V8H0v2a2 2 0 0 0 2 2h2v-1.5ZM8 12v-1.5h2a.5.5 0 0 0 .5-.5V8H12v2a2 2 0 0 1-2 2H8Zm2-12a2 2 0 0 1 2 2v2h-1.5V2a.5.5 0 0 0-.5-.5H8V0h2Z\" \/>\n\t\t\t<\/svg>\n\t\t<\/button><\/figure>\n<\/figure>\n\n\n\n<p>Projekt financira Ministarstvo rada, mirovinskoga sustava, obitelji i socijalne politike s 99.750 eura kroz tri godine te Ministarstvo znanosti, obrazovanja i mladih sa skoro 17.000 eura u 2024\/25.<\/p>\n\n\n\n<p>Aktivnosti na projektu, \u010dija je svrha oja\u010dati ljudske i tehni\u010dke kapacitete odgojno obrazovnih ustanova te unapre\u0111enje programa rada s djecom s te\u0161ko\u0107ama u razvoju &#8211; inicijalno u Dubrova\u010dko-neretvanskoj i Vukovarsko-srijemskoj \u017eupaniji &#8211; zapo\u010dele su 2023. godine. Provode se, me\u0111u ostalima, sljede\u0107e aktivnosti:<\/p>\n\n\n\n<p>-nastavnici i djelatnici stru\u010dnih slu\u017ebi sudjeluju u edukacijama iz bihevioralne analize i rada s djecom s te\u0161ko\u0107ama u razvoju (DTR);<br>-provode se edukativne radionice i predavanja za primjenu CABAS metode za djelatnike vrti\u0107a i \u0161kola te javna predavanja za roditelje i skrbnike djece s te\u0161ko\u0107ama u razvoju na temu \u201eNasilje nad djecom s te\u0161ko\u0107ama u razvoju \u2013 prevencija i intervencija\u201c;<br>-ustanove pru\u017eatelja socijalnih usluga u tim \u017eupanijama unapre\u0111uju kapacitete za pru\u017eanje adekvatne potpore djeci s te\u0161ko\u0107ama u razvoju;<br>-djeca s te\u0161ko\u0107ama u razvoju su uklju\u010dena u pilot program provedbe CABAS metode u partnerskim vrti\u0107ima i \u0161kolama;<br>-roditelji i skrbnici su uklju\u010deni u edukativne radionice za razvoj kompetencija i vje\u0161tina za smanjenje rizika od zanemarivanja i zlostavljanja djece te radionice stru\u010dne potpore i pravnog savjetovanja;<br>-izra\u0111ena je digitalna komunikacijska platforma za pravno i stru\u010dno savjetovanje obitelji djece s te\u0161ko\u0107ama u razvoju te razmjenu iskustava roditelja i skrbnika.<\/p>\n\n\n\n<figure class=\"wp-block-gallery aligncenter has-nested-images columns-2 is-cropped wp-block-gallery-4 is-layout-flex wp-block-gallery-is-layout-flex\">\n<figure data-wp-context=\"{&quot;imageId&quot;:&quot;6a0452cbafd1f&quot;}\" data-wp-interactive=\"core\/image\" data-wp-key=\"6a0452cbafd1f\" class=\"wp-block-image size-full has-custom-border is-style-default wp-lightbox-container\"><img loading=\"lazy\" decoding=\"async\" width=\"600\" height=\"450\" data-wp-class--hide=\"state.isContentHidden\" data-wp-class--show=\"state.isContentVisible\" data-wp-init=\"callbacks.setButtonStyles\" data-wp-on--click=\"actions.showLightbox\" data-wp-on--load=\"callbacks.setButtonStyles\" data-wp-on-window--resize=\"callbacks.setButtonStyles\" data-id=\"1368\" src=\"https:\/\/visoki-jablani.org\/hr\/wp-content\/uploads\/2025\/07\/Sustavna-potpora4-2.jpg\" alt=\"\" class=\"wp-image-1368\" style=\"border-radius:5px\" srcset=\"https:\/\/visoki-jablani.org\/hr\/wp-content\/uploads\/2025\/07\/Sustavna-potpora4-2.jpg 600w, https:\/\/visoki-jablani.org\/hr\/wp-content\/uploads\/2025\/07\/Sustavna-potpora4-2-300x225.jpg 300w, https:\/\/visoki-jablani.org\/hr\/wp-content\/uploads\/2025\/07\/Sustavna-potpora4-2-150x113.jpg 150w\" sizes=\"auto, (max-width: 600px) 100vw, 600px\" \/><button\n\t\t\tclass=\"lightbox-trigger\"\n\t\t\ttype=\"button\"\n\t\t\taria-haspopup=\"dialog\"\n\t\t\taria-label=\"Enlarge\"\n\t\t\tdata-wp-init=\"callbacks.initTriggerButton\"\n\t\t\tdata-wp-on--click=\"actions.showLightbox\"\n\t\t\tdata-wp-style--right=\"state.imageButtonRight\"\n\t\t\tdata-wp-style--top=\"state.imageButtonTop\"\n\t\t>\n\t\t\t<svg xmlns=\"http:\/\/www.w3.org\/2000\/svg\" width=\"12\" height=\"12\" fill=\"none\" viewBox=\"0 0 12 12\">\n\t\t\t\t<path fill=\"#fff\" d=\"M2 0a2 2 0 0 0-2 2v2h1.5V2a.5.5 0 0 1 .5-.5h2V0H2Zm2 10.5H2a.5.5 0 0 1-.5-.5V8H0v2a2 2 0 0 0 2 2h2v-1.5ZM8 12v-1.5h2a.5.5 0 0 0 .5-.5V8H12v2a2 2 0 0 1-2 2H8Zm2-12a2 2 0 0 1 2 2v2h-1.5V2a.5.5 0 0 0-.5-.5H8V0h2Z\" \/>\n\t\t\t<\/svg>\n\t\t<\/button><\/figure>\n\n\n\n<figure data-wp-context=\"{&quot;imageId&quot;:&quot;6a0452cbb0076&quot;}\" data-wp-interactive=\"core\/image\" data-wp-key=\"6a0452cbb0076\" class=\"wp-block-image size-large has-custom-border is-style-rounded is-style-rounded--3 wp-lightbox-container\"><img loading=\"lazy\" decoding=\"async\" width=\"1024\" height=\"768\" data-wp-class--hide=\"state.isContentHidden\" data-wp-class--show=\"state.isContentVisible\" data-wp-init=\"callbacks.setButtonStyles\" data-wp-on--click=\"actions.showLightbox\" data-wp-on--load=\"callbacks.setButtonStyles\" data-wp-on-window--resize=\"callbacks.setButtonStyles\" data-id=\"1370\" src=\"https:\/\/visoki-jablani.org\/hr\/wp-content\/uploads\/2025\/07\/Sustavna2-1024x768.jpg\" alt=\"\" class=\"wp-image-1370\" style=\"border-radius:5px\" srcset=\"https:\/\/visoki-jablani.org\/hr\/wp-content\/uploads\/2025\/07\/Sustavna2-1024x768.jpg 1024w, https:\/\/visoki-jablani.org\/hr\/wp-content\/uploads\/2025\/07\/Sustavna2-300x225.jpg 300w, https:\/\/visoki-jablani.org\/hr\/wp-content\/uploads\/2025\/07\/Sustavna2-150x113.jpg 150w, https:\/\/visoki-jablani.org\/hr\/wp-content\/uploads\/2025\/07\/Sustavna2-768x576.jpg 768w, https:\/\/visoki-jablani.org\/hr\/wp-content\/uploads\/2025\/07\/Sustavna2.jpg 1200w\" sizes=\"auto, (max-width: 1024px) 100vw, 1024px\" \/><button\n\t\t\tclass=\"lightbox-trigger\"\n\t\t\ttype=\"button\"\n\t\t\taria-haspopup=\"dialog\"\n\t\t\taria-label=\"Enlarge\"\n\t\t\tdata-wp-init=\"callbacks.initTriggerButton\"\n\t\t\tdata-wp-on--click=\"actions.showLightbox\"\n\t\t\tdata-wp-style--right=\"state.imageButtonRight\"\n\t\t\tdata-wp-style--top=\"state.imageButtonTop\"\n\t\t>\n\t\t\t<svg xmlns=\"http:\/\/www.w3.org\/2000\/svg\" width=\"12\" height=\"12\" fill=\"none\" viewBox=\"0 0 12 12\">\n\t\t\t\t<path fill=\"#fff\" d=\"M2 0a2 2 0 0 0-2 2v2h1.5V2a.5.5 0 0 1 .5-.5h2V0H2Zm2 10.5H2a.5.5 0 0 1-.5-.5V8H0v2a2 2 0 0 0 2 2h2v-1.5ZM8 12v-1.5h2a.5.5 0 0 0 .5-.5V8H12v2a2 2 0 0 1-2 2H8Zm2-12a2 2 0 0 1 2 2v2h-1.5V2a.5.5 0 0 0-.5-.5H8V0h2Z\" \/>\n\t\t\t<\/svg>\n\t\t<\/button><\/figure>\n<\/figure>\n\n\n\n<p>Web stranica <a href=\"https:\/\/futurefortur.com\" target=\"_blank\" rel=\"noreferrer noopener\">https:\/\/futurefortur.com<\/a>\/ jedinstvena je online platforma osmi\u0161ljena da pru\u017ei pouzdanu, stru\u010dnu i dostupnu podr\u0161ku u svakodnevnim izazovima koje donosi roditeljstvo djece s te\u0161ko\u0107ama u razvoju. Nastala je u suradnji s Centrom EDUS-Edukacija za sve Sarajevo, koji su ustupili svoje vrijedne edukativne video materijale kako bi roditeljima omogu\u0107ili pristup kvalitetnom i stru\u010dnom sadr\u017eaju \u2013 besplatno i dostupno svima.<\/p>\n\n\n\n<p>Na platformi se mogu prona\u0107i korisne informacije o razvoju djece, edukativni tekstovi i video materijali, savjeti stru\u010dnjaka, zakoni, pravilnici, obrasci i alati kosrisni u svakodnevnom pra\u0107enju potreba djeteta. Future for Tur je mjesto podr\u0161ke, znanja i zajedni\u0161tva mre\u017ee roditelja koji zajedno u\u010de, dijele iskustva i podr\u017eavaju jedni druge. Stranica uklju\u010duje i podkaste edukacijsko-rehabilitacijske stru\u010dnjakinje dr.sc. Silve Capurso <a href=\"https:\/\/futurefortur.com\/podcast\/\" target=\"_blank\" rel=\"noreferrer noopener\">https:\/\/futurefortur.com\/podcast\/<\/a>.<\/p>\n\n\n\n<p>Kroz protekle dvije godine aktivnosti u ovom projektu odgojno obrazovni stru\u010dnjaci su educirani za interdisciplinarni pristup radu s razli\u010ditim skupinama DTR: ADHD-om, poreme\u0107ajem pa\u017enje, depresijom i sl., te rad po suvremenim metodama. Oja\u010dali su svoje kapacitete za procjene i evaluacije te pra\u0107enje pokazatelja uspje\u0161nosti primijenjenih metoda i prilagodbu metoda svakom pojedinom djetetu. Upoznati su sa specifi\u010dnostima obitelji DTR. Kroz nastavak projekta i rad s djecom \u0107e biti osposobljeni za preventivan rad i intervencije u radu s djecom i roditeljima. Cilj je oja\u010dati kapacitete stru\u010dnjaka za ranu intervenciju i inkluziju DTR u programe odgoja i redovnog obrazovanja.<\/p>\n\n\n\n<p>U projektu je dosad sudjelovalo 37 odgojno-obrazovnih djelatnika, na online radionicama je savjetovano 90-tak obitelji, a pilot-projektom je obuhva\u0107eno 20-oro djece.<\/p>\n\n\n\n<p>Spomenuti pilot-projekt rada s djecom vo\u0111en je u Dubrovniku tijekom devet mjeseci i tu je provedena sistematska procjena djece u pogledu osnovnih razvojnih vje\u0161tina uz nau\u010dno zasnovanu intervenciju za programe rada sa djecom niskog intenziteta (trajanja manje od pet sati tjedno). Analiza se temelji na dva segmenta: individualnoj procjeni svakog djeteta prije intervencije kori\u0161tenjem namjenski kreirane liste za procjenu pet osnovnih razvojnih vje\u0161tina, te ukupnoj evaluaciji grupe. Taj se pilot-projekt nastavlja u idu\u0107oj godini provedbe projekta sustavne potpore (2025\/2026). Naime, nakon medijske promocije projekta, pokazalo se da je interes za edukacije znatno ve\u0107i od o\u010dekivanog i da bi se mogao provoditi i u drugim \u017eupanijama.<\/p>\n\n\n\n<figure class=\"wp-block-gallery aligncenter has-nested-images columns-3 is-cropped wp-block-gallery-7 is-layout-flex wp-block-gallery-is-layout-flex\">\n<figure data-wp-context=\"{&quot;imageId&quot;:&quot;6a0452cbb0330&quot;}\" data-wp-interactive=\"core\/image\" data-wp-key=\"6a0452cbb0330\" class=\"wp-block-image size-full has-custom-border is-style-default wp-lightbox-container\"><img loading=\"lazy\" decoding=\"async\" width=\"600\" height=\"450\" data-wp-class--hide=\"state.isContentHidden\" data-wp-class--show=\"state.isContentVisible\" data-wp-init=\"callbacks.setButtonStyles\" data-wp-on--click=\"actions.showLightbox\" data-wp-on--load=\"callbacks.setButtonStyles\" data-wp-on-window--resize=\"callbacks.setButtonStyles\" data-id=\"1374\" src=\"https:\/\/visoki-jablani.org\/hr\/wp-content\/uploads\/2025\/07\/Sustavna-potpora3-1.jpg\" alt=\"\" class=\"wp-image-1374\" style=\"border-radius:5px\" srcset=\"https:\/\/visoki-jablani.org\/hr\/wp-content\/uploads\/2025\/07\/Sustavna-potpora3-1.jpg 600w, https:\/\/visoki-jablani.org\/hr\/wp-content\/uploads\/2025\/07\/Sustavna-potpora3-1-300x225.jpg 300w, https:\/\/visoki-jablani.org\/hr\/wp-content\/uploads\/2025\/07\/Sustavna-potpora3-1-150x113.jpg 150w\" sizes=\"auto, (max-width: 600px) 100vw, 600px\" \/><button\n\t\t\tclass=\"lightbox-trigger\"\n\t\t\ttype=\"button\"\n\t\t\taria-haspopup=\"dialog\"\n\t\t\taria-label=\"Enlarge\"\n\t\t\tdata-wp-init=\"callbacks.initTriggerButton\"\n\t\t\tdata-wp-on--click=\"actions.showLightbox\"\n\t\t\tdata-wp-style--right=\"state.imageButtonRight\"\n\t\t\tdata-wp-style--top=\"state.imageButtonTop\"\n\t\t>\n\t\t\t<svg xmlns=\"http:\/\/www.w3.org\/2000\/svg\" width=\"12\" height=\"12\" fill=\"none\" viewBox=\"0 0 12 12\">\n\t\t\t\t<path fill=\"#fff\" d=\"M2 0a2 2 0 0 0-2 2v2h1.5V2a.5.5 0 0 1 .5-.5h2V0H2Zm2 10.5H2a.5.5 0 0 1-.5-.5V8H0v2a2 2 0 0 0 2 2h2v-1.5ZM8 12v-1.5h2a.5.5 0 0 0 .5-.5V8H12v2a2 2 0 0 1-2 2H8Zm2-12a2 2 0 0 1 2 2v2h-1.5V2a.5.5 0 0 0-.5-.5H8V0h2Z\" \/>\n\t\t\t<\/svg>\n\t\t<\/button><\/figure>\n\n\n\n<figure data-wp-context=\"{&quot;imageId&quot;:&quot;6a0452cbb0676&quot;}\" data-wp-interactive=\"core\/image\" data-wp-key=\"6a0452cbb0676\" class=\"wp-block-image size-full has-custom-border is-style-rounded is-style-rounded--5 wp-lightbox-container\"><img loading=\"lazy\" decoding=\"async\" width=\"600\" height=\"450\" data-wp-class--hide=\"state.isContentHidden\" data-wp-class--show=\"state.isContentVisible\" data-wp-init=\"callbacks.setButtonStyles\" data-wp-on--click=\"actions.showLightbox\" data-wp-on--load=\"callbacks.setButtonStyles\" data-wp-on-window--resize=\"callbacks.setButtonStyles\" data-id=\"1375\" src=\"https:\/\/visoki-jablani.org\/hr\/wp-content\/uploads\/2025\/07\/sustavna-potpora-2.jpg\" alt=\"\" class=\"wp-image-1375\" style=\"border-radius:5px\" srcset=\"https:\/\/visoki-jablani.org\/hr\/wp-content\/uploads\/2025\/07\/sustavna-potpora-2.jpg 600w, https:\/\/visoki-jablani.org\/hr\/wp-content\/uploads\/2025\/07\/sustavna-potpora-2-300x225.jpg 300w, https:\/\/visoki-jablani.org\/hr\/wp-content\/uploads\/2025\/07\/sustavna-potpora-2-150x113.jpg 150w\" sizes=\"auto, (max-width: 600px) 100vw, 600px\" \/><button\n\t\t\tclass=\"lightbox-trigger\"\n\t\t\ttype=\"button\"\n\t\t\taria-haspopup=\"dialog\"\n\t\t\taria-label=\"Enlarge\"\n\t\t\tdata-wp-init=\"callbacks.initTriggerButton\"\n\t\t\tdata-wp-on--click=\"actions.showLightbox\"\n\t\t\tdata-wp-style--right=\"state.imageButtonRight\"\n\t\t\tdata-wp-style--top=\"state.imageButtonTop\"\n\t\t>\n\t\t\t<svg xmlns=\"http:\/\/www.w3.org\/2000\/svg\" width=\"12\" height=\"12\" fill=\"none\" viewBox=\"0 0 12 12\">\n\t\t\t\t<path fill=\"#fff\" d=\"M2 0a2 2 0 0 0-2 2v2h1.5V2a.5.5 0 0 1 .5-.5h2V0H2Zm2 10.5H2a.5.5 0 0 1-.5-.5V8H0v2a2 2 0 0 0 2 2h2v-1.5ZM8 12v-1.5h2a.5.5 0 0 0 .5-.5V8H12v2a2 2 0 0 1-2 2H8Zm2-12a2 2 0 0 1 2 2v2h-1.5V2a.5.5 0 0 0-.5-.5H8V0h2Z\" \/>\n\t\t\t<\/svg>\n\t\t<\/button><\/figure>\n\n\n\n<figure data-wp-context=\"{&quot;imageId&quot;:&quot;6a0452cbb09ac&quot;}\" data-wp-interactive=\"core\/image\" data-wp-key=\"6a0452cbb09ac\" class=\"wp-block-image size-full has-custom-border is-style-rounded is-style-rounded--6 wp-lightbox-container\"><img loading=\"lazy\" decoding=\"async\" width=\"1200\" height=\"900\" data-wp-class--hide=\"state.isContentHidden\" data-wp-class--show=\"state.isContentVisible\" data-wp-init=\"callbacks.setButtonStyles\" data-wp-on--click=\"actions.showLightbox\" data-wp-on--load=\"callbacks.setButtonStyles\" data-wp-on-window--resize=\"callbacks.setButtonStyles\" data-id=\"1376\" src=\"https:\/\/visoki-jablani.org\/hr\/wp-content\/uploads\/2025\/07\/Sustavna3.jpg\" alt=\"\" class=\"wp-image-1376\" style=\"border-radius:5px\" srcset=\"https:\/\/visoki-jablani.org\/hr\/wp-content\/uploads\/2025\/07\/Sustavna3.jpg 1200w, https:\/\/visoki-jablani.org\/hr\/wp-content\/uploads\/2025\/07\/Sustavna3-300x225.jpg 300w, https:\/\/visoki-jablani.org\/hr\/wp-content\/uploads\/2025\/07\/Sustavna3-1024x768.jpg 1024w, https:\/\/visoki-jablani.org\/hr\/wp-content\/uploads\/2025\/07\/Sustavna3-150x113.jpg 150w, https:\/\/visoki-jablani.org\/hr\/wp-content\/uploads\/2025\/07\/Sustavna3-768x576.jpg 768w\" sizes=\"auto, (max-width: 1200px) 100vw, 1200px\" \/><button\n\t\t\tclass=\"lightbox-trigger\"\n\t\t\ttype=\"button\"\n\t\t\taria-haspopup=\"dialog\"\n\t\t\taria-label=\"Enlarge\"\n\t\t\tdata-wp-init=\"callbacks.initTriggerButton\"\n\t\t\tdata-wp-on--click=\"actions.showLightbox\"\n\t\t\tdata-wp-style--right=\"state.imageButtonRight\"\n\t\t\tdata-wp-style--top=\"state.imageButtonTop\"\n\t\t>\n\t\t\t<svg xmlns=\"http:\/\/www.w3.org\/2000\/svg\" width=\"12\" height=\"12\" fill=\"none\" viewBox=\"0 0 12 12\">\n\t\t\t\t<path fill=\"#fff\" d=\"M2 0a2 2 0 0 0-2 2v2h1.5V2a.5.5 0 0 1 .5-.5h2V0H2Zm2 10.5H2a.5.5 0 0 1-.5-.5V8H0v2a2 2 0 0 0 2 2h2v-1.5ZM8 12v-1.5h2a.5.5 0 0 0 .5-.5V8H12v2a2 2 0 0 1-2 2H8Zm2-12a2 2 0 0 1 2 2v2h-1.5V2a.5.5 0 0 0-.5-.5H8V0h2Z\" \/>\n\t\t\t<\/svg>\n\t\t<\/button><\/figure>\n<\/figure>\n","protected":false},"excerpt":{"rendered":"<p>U tre\u0107oj godini provedbe projekta (2025\/26.) nastavljamo s ja\u010danjem kapaciteta stru\u010dnjaka i odgojno-obrazovnih ustanova za rad s djecom s te\u0161ko\u0107ama u razvoju te osna\u017eivanjem obitelji djece s te\u0161ko\u0107ama kroz grupnu i individualnu podr\u0161ku. Nositelj projekta je Udruga &#8220;POSEBAN PRIJATELJ &#8220;Poseban prijatelj&#8221; iz Dubrovnika, a uz VISOKE JABLANE partneri su Grad Dubrovnik, Op\u0107ina Lovas, Dje\u010dji vrti\u0107i [&hellip;]<\/p>\n","protected":false},"author":1,"featured_media":1068,"parent":231,"menu_order":0,"comment_status":"closed","ping_status":"closed","template":"","meta":{"footnotes":""},"class_list":["post-1067","page","type-page","status-publish","has-post-thumbnail","hentry"],"_links":{"self":[{"href":"https:\/\/visoki-jablani.org\/hr\/wp-json\/wp\/v2\/pages\/1067","targetHints":{"allow":["GET"]}}],"collection":[{"href":"https:\/\/visoki-jablani.org\/hr\/wp-json\/wp\/v2\/pages"}],"about":[{"href":"https:\/\/visoki-jablani.org\/hr\/wp-json\/wp\/v2\/types\/page"}],"author":[{"embeddable":true,"href":"https:\/\/visoki-jablani.org\/hr\/wp-json\/wp\/v2\/users\/1"}],"replies":[{"embeddable":true,"href":"https:\/\/visoki-jablani.org\/hr\/wp-json\/wp\/v2\/comments?post=1067"}],"version-history":[{"count":21,"href":"https:\/\/visoki-jablani.org\/hr\/wp-json\/wp\/v2\/pages\/1067\/revisions"}],"predecessor-version":[{"id":1468,"href":"https:\/\/visoki-jablani.org\/hr\/wp-json\/wp\/v2\/pages\/1067\/revisions\/1468"}],"up":[{"embeddable":true,"href":"https:\/\/visoki-jablani.org\/hr\/wp-json\/wp\/v2\/pages\/231"}],"wp:featuredmedia":[{"embeddable":true,"href":"https:\/\/visoki-jablani.org\/hr\/wp-json\/wp\/v2\/media\/1068"}],"wp:attachment":[{"href":"https:\/\/visoki-jablani.org\/hr\/wp-json\/wp\/v2\/media?parent=1067"}],"curies":[{"name":"wp","href":"https:\/\/api.w.org\/{rel}","templated":true}]}}